{"id":109647,"date":"2025-09-01T08:29:58","date_gmt":"2025-09-01T05:29:58","guid":{"rendered":"https:\/\/www.eastcham.fi\/?page_id=109647"},"modified":"2026-04-24T17:34:06","modified_gmt":"2026-04-24T14:34:06","slug":"services-for-ukrainian-market","status":"publish","type":"page","link":"https:\/\/www.eastcham.fi\/en\/services\/services-for-ukrainian-market\/","title":{"rendered":"Services for Ukrainian market"},"content":{"rendered":"<p class=\"big-text\">Seize concrete opportunities to take part in Ukraine\u2019s reconstruction. These services are designed to support a successful market entry into Ukraine.<\/p>\n<p>The joint office of EastCham and the Confederation of Finnish Industries (EK) offers Finnish companies market research and partner search services directly from Kyiv. At EastCham, we assess potential partners and support your company at every stage in the Ukrainian market.<\/p>\n<div class=\"ownprocessline\">\n<div class=\"card card-invisible card-processline\">\n<div class=\"ownprocesslinetitle\"><a class=\"tableofcontentslink\" href=\"#market-research\">Market Research<\/a><\/div>\n<div class=\"processcircle\">1<\/div>\n<p>Our analysts prepare a concise market brief on your company\u2019s opportunities and operating environment in Ukraine.<\/p>\n<\/div>\n<div class=\"card card-invisible card-processline\">\n<div class=\"ownprocesslinetitle\"><a class=\"tableofcontentslink\" href=\"#contacts-meetings\">Meeting Facilitation<\/a><\/div>\n<div class=\"processcircle\">2<\/div>\n<p>After the market brief, we compile a list of relevant contacts and facilitate the first meeting.<\/p>\n<\/div>\n<div class=\"card card-invisible card-processline\">\n<div class=\"ownprocesslinetitle\"><a class=\"tableofcontentslink\" href=\"#dd-ukraine\">DD Ukraine<\/a><\/div>\n<div class=\"processcircle\"><\/div>\n<p>Found a potential partner? We will carry out a basic background check on your behalf.<\/p>\n<\/div>\n<div class=\"card card-invisible card-processline\">\n<div class=\"ownprocesslinetitle\"><a class=\"tableofcontentslink\" href=\"#business-advisory\">Free Advisory<\/a><\/div>\n<div class=\"processcircle\"><\/div>\n<p>Guidance and support for EastCham and EK members in the Ukrainian market at every stage.<\/p>\n<\/div>\n<\/div>\n<hr \/>\n<div class=\"card card-blue\">\n<div class=\"owncontainerlogo\">\n<div><img loading=\"lazy\" decoding=\"async\" id=\"market-research\" class=\"alignnone size-thumbnail wp-image-113149\" src=\"https:\/\/www.eastcham.fi\/wp-content\/uploads\/2025\/12\/Icons-Market-Research-150x150.png\" alt=\"\" width=\"64\" height=\"64\" srcset=\"https:\/\/www.eastcham.fi\/wp-content\/uploads\/2025\/12\/Icons-Market-Research-150x150.png 150w, https:\/\/www.eastcham.fi\/wp-content\/uploads\/2025\/12\/Icons-Market-Research-300x300.png 300w, https:\/\/www.eastcham.fi\/wp-content\/uploads\/2025\/12\/Icons-Market-Research.png 400w\" sizes=\"auto, (max-width: 64px) 100vw, 64px\" \/><\/div>\n<div><img loading=\"lazy\" decoding=\"async\" class=\"alignright size-thumbnail wp-image-113151 align-self: flex-start;\" src=\"https:\/\/www.eastcham.fi\/wp-content\/uploads\/2025\/12\/ProUkraina.png\" alt=\"Pro Ukraine logo\" width=\"64\" height=\"64\" \/><\/div>\n<\/div>\n<h2>Step 1: Market Research<\/h2>\n<p>A concise market research report that helps you understand the market and your company\u2019s opportunities in Ukraine. The report provides the foundation for making a go\/no-go decision about entering the market. It includes basic market information, a company-specific analysis of market demand, and useful contacts.<\/p>\n<h3>The service includes<\/h3>\n<p>Market demand and size for the company\u2019s product or service, competitors and price levels, distribution channels and market entry, potential customers\/partners, general market and economic outlook, as well as possible trade barriers and sanctions.<\/p>\n<h3>Price of the market research<\/h3>\n<ul>\n<li>2000 EUR + VAT for members<\/li>\n<li>2500 EUR + VAT for non-members<\/li>\n<\/ul>\n<\/div>\n<div class=\"card card-blue\">\n<div class=\"owncontainerlogo\">\n<div><img loading=\"lazy\" decoding=\"async\" id=\"contacts-meetings\" class=\"alignnone size-thumbnail wp-image-113152\" src=\"https:\/\/www.eastcham.fi\/wp-content\/uploads\/2025\/12\/Icons-Contacts-Meetings-150x150.png\" alt=\"\" width=\"64\" height=\"64\" srcset=\"https:\/\/www.eastcham.fi\/wp-content\/uploads\/2025\/12\/Icons-Contacts-Meetings-150x150.png 150w, https:\/\/www.eastcham.fi\/wp-content\/uploads\/2025\/12\/Icons-Contacts-Meetings-300x300.png 300w, https:\/\/www.eastcham.fi\/wp-content\/uploads\/2025\/12\/Icons-Contacts-Meetings.png 400w\" sizes=\"auto, (max-width: 64px) 100vw, 64px\" \/><\/div>\n<div><img loading=\"lazy\" decoding=\"async\" class=\"alignright size-thumbnail wp-image-113151 align-self: flex-start;\" src=\"https:\/\/www.eastcham.fi\/wp-content\/uploads\/2025\/12\/ProUkraina.png\" alt=\"Pro Ukraine logo\" width=\"64\" height=\"64\" \/><\/div>\n<\/div>\n<h2>Step 2: Contact Evaluation and Meeting Facilitation<\/h2>\n<p>Once the market research has been completed and the decision to enter the market has been made, relevant customers\/partners in Ukraine are evaluated.<\/p>\n<h3>The service includes<\/h3>\n<p>A list of relevant contacts and an evaluation of their interest in your Finnish company through direct outreach. A targeted short list of interested companies. Facilitation of initial meetings.<\/p>\n<h3>Price of the service<\/h3>\n<ul>\n<li>1200 EUR + VAT for members<\/li>\n<li>1500 EUR + VAT for non-members<\/li>\n<\/ul>\n<\/div>\n<div class=\"card card-blue\">\n<p><img loading=\"lazy\" decoding=\"async\" id=\"dd-ukraine\" class=\"alignnone size-thumbnail wp-image-113154\" src=\"https:\/\/www.eastcham.fi\/wp-content\/uploads\/2026\/03\/Icons-DD-Ukraine-150x150.png\" alt=\"Magnifier\" width=\"64\" height=\"64\" \/><\/p>\n<h2><span style=\"color: #000000;\">DD Ukraine &#8211; Basic Level Due Diligence<\/span><\/h2>\n<p>Our service ensures that your business is not exposed to sanctions, unclear ownership structures, or hidden risks in Ukraine.<\/p>\n<h3>The Due Diligence report delivered to the client includes<\/h3>\n<ul>\n<li>basic company information and background overview<\/li>\n<li>ownership and beneficiary structure (UBO)<\/li>\n<li>sanctions screening results<\/li>\n<li>risk signals and legal risk factors<\/li>\n<li>key financial indicators<\/li>\n<li>PEP checks (politically exposed persons)<\/li>\n<li>summary and recommendations for the Finnish company<\/li>\n<li>a clear final brief and items requiring special attention<\/li>\n<\/ul>\n<h3>Price of the service<\/h3>\n<p>Free of charge for EastCham members, non-members \u20ac250 + VAT.<\/p>\n<\/div>\n<div class=\"card card-blue\">\n<p><img loading=\"lazy\" decoding=\"async\" id=\"business-advisory\" class=\"alignnone size-thumbnail wp-image-113155\" src=\"https:\/\/www.eastcham.fi\/wp-content\/uploads\/2025\/12\/Icons-Free-Advisory-150x150.png\" alt=\"\" width=\"64\" height=\"64\" srcset=\"https:\/\/www.eastcham.fi\/wp-content\/uploads\/2025\/12\/Icons-Free-Advisory-150x150.png 150w, https:\/\/www.eastcham.fi\/wp-content\/uploads\/2025\/12\/Icons-Free-Advisory-300x300.png 300w, https:\/\/www.eastcham.fi\/wp-content\/uploads\/2025\/12\/Icons-Free-Advisory.png 400w\" sizes=\"auto, (max-width: 64px) 100vw, 64px\" \/><\/p>\n<h2>Free Business Advisory<\/h2>\n<p>Discussion and sparring related to the Ukrainian market. Company-specific advisory.<\/p>\n<\/div>\n","protected":false},"excerpt":{"rendered":"<p>Seize concrete opportunities to take part in Ukraine\u2019s reconstruction. These services are designed to support a successful market entry into Ukraine. The joint office of EastCham and the Confederation of Finnish Industries (EK) offers Finnish companies market research and partner search services directly from Kyiv. At EastCham, we assess potential partners and support your company&#8230;<\/p>\n","protected":false},"author":16959,"featured_media":114477,"parent":80232,"menu_order":0,"comment_status":"closed","ping_status":"closed","template":"","meta":{"_acf_changed":false,"footnotes":""},"tags":[],"class_list":["post-109647","page","type-page","status-publish","has-post-thumbnail","hentry"],"acf":[],"yoast_head":"<!-- This site is optimized with the Yoast SEO plugin v27.4 - https:\/\/yoast.com\/product\/yoast-seo-wordpress\/ -->\n<title>Services for Ukrainian market - EastCham Finland ry<\/title>\n<meta name=\"description\" content=\"Kyiv office offers market research and concrete advise for Finnish companies to join the reconstruction of Ukraine.\" \/>\n<meta name=\"robots\" content=\"index, follow, max-snippet:-1, max-image-preview:large, max-video-preview:-1\" \/>\n<link rel=\"canonical\" href=\"https:\/\/www.eastcham.fi\/en\/services\/services-for-ukrainian-market\/\" \/>\n<meta property=\"og:locale\" content=\"en_US\" \/>\n<meta property=\"og:type\" content=\"article\" \/>\n<meta property=\"og:title\" content=\"Services for Ukrainian market - EastCham Finland ry\" \/>\n<meta property=\"og:description\" content=\"Kyiv office offers market research and concrete advise for Finnish companies to join the reconstruction of Ukraine.\" \/>\n<meta property=\"og:url\" content=\"https:\/\/www.eastcham.fi\/en\/services\/services-for-ukrainian-market\/\" \/>\n<meta property=\"og:site_name\" content=\"EastCham Finland ry\" \/>\n<meta property=\"article:publisher\" content=\"https:\/\/fi-fi.facebook.com\/svkkfrcc\/\" \/>\n<meta property=\"article:modified_time\" content=\"2026-04-24T14:34:06+00:00\" \/>\n<meta property=\"og:image\" content=\"https:\/\/www.eastcham.fi\/wp-content\/uploads\/2026\/02\/Logo-liila-tausta.jpg\" \/>\n\t<meta property=\"og:image:width\" content=\"2100\" \/>\n\t<meta property=\"og:image:height\" content=\"1200\" \/>\n\t<meta property=\"og:image:type\" content=\"image\/jpeg\" \/>\n<meta name=\"twitter:card\" content=\"summary_large_image\" \/>\n<meta name=\"twitter:site\" content=\"@SVKK_FRCC\" \/>\n<meta name=\"twitter:label1\" content=\"Est. reading time\" \/>\n\t<meta name=\"twitter:data1\" content=\"4 minutes\" \/>\n<script type=\"application\/ld+json\" class=\"yoast-schema-graph\">{\"@context\":\"https:\\\/\\\/schema.org\",\"@graph\":[{\"@type\":\"WebPage\",\"@id\":\"https:\\\/\\\/www.eastcham.fi\\\/en\\\/services\\\/services-for-ukrainian-market\\\/\",\"url\":\"https:\\\/\\\/www.eastcham.fi\\\/en\\\/services\\\/services-for-ukrainian-market\\\/\",\"name\":\"Services for Ukrainian market - EastCham Finland ry\",\"isPartOf\":{\"@id\":\"https:\\\/\\\/www.eastcham.fi\\\/#website\"},\"primaryImageOfPage\":{\"@id\":\"https:\\\/\\\/www.eastcham.fi\\\/en\\\/services\\\/services-for-ukrainian-market\\\/#primaryimage\"},\"image\":{\"@id\":\"https:\\\/\\\/www.eastcham.fi\\\/en\\\/services\\\/services-for-ukrainian-market\\\/#primaryimage\"},\"thumbnailUrl\":\"https:\\\/\\\/www.eastcham.fi\\\/wp-content\\\/uploads\\\/2026\\\/02\\\/Logo-liila-tausta.jpg\",\"datePublished\":\"2025-09-01T05:29:58+00:00\",\"dateModified\":\"2026-04-24T14:34:06+00:00\",\"description\":\"Kyiv office offers market research and concrete advise for Finnish companies to join the reconstruction of Ukraine.\",\"breadcrumb\":{\"@id\":\"https:\\\/\\\/www.eastcham.fi\\\/en\\\/services\\\/services-for-ukrainian-market\\\/#breadcrumb\"},\"inLanguage\":\"en-US\",\"potentialAction\":[{\"@type\":\"ReadAction\",\"target\":[\"https:\\\/\\\/www.eastcham.fi\\\/en\\\/services\\\/services-for-ukrainian-market\\\/\"]}]},{\"@type\":\"ImageObject\",\"inLanguage\":\"en-US\",\"@id\":\"https:\\\/\\\/www.eastcham.fi\\\/en\\\/services\\\/services-for-ukrainian-market\\\/#primaryimage\",\"url\":\"https:\\\/\\\/www.eastcham.fi\\\/wp-content\\\/uploads\\\/2026\\\/02\\\/Logo-liila-tausta.jpg\",\"contentUrl\":\"https:\\\/\\\/www.eastcham.fi\\\/wp-content\\\/uploads\\\/2026\\\/02\\\/Logo-liila-tausta.jpg\",\"width\":2100,\"height\":1200},{\"@type\":\"BreadcrumbList\",\"@id\":\"https:\\\/\\\/www.eastcham.fi\\\/en\\\/services\\\/services-for-ukrainian-market\\\/#breadcrumb\",\"itemListElement\":[{\"@type\":\"ListItem\",\"position\":1,\"name\":\"Home\",\"item\":\"https:\\\/\\\/www.eastcham.fi\\\/en\\\/\"},{\"@type\":\"ListItem\",\"position\":2,\"name\":\"Services for companies\",\"item\":\"https:\\\/\\\/www.eastcham.fi\\\/en\\\/services\\\/\"},{\"@type\":\"ListItem\",\"position\":3,\"name\":\"Services for Ukrainian market\"}]},{\"@type\":\"WebSite\",\"@id\":\"https:\\\/\\\/www.eastcham.fi\\\/#website\",\"url\":\"https:\\\/\\\/www.eastcham.fi\\\/\",\"name\":\"EastCham Finland ry\",\"description\":\"EastCham Finland on kansainv\u00e4linen kauppakamari, joka osana Team Finland -verkostoa auttaa suomalaisia yrityksi\u00e4 kansainv\u00e4listym\u00e4\u00e4n. Seuraamme talouden kehityst\u00e4, neuvomme pakotteista ja tuemme suomalaisten yritysten liiketoimintaa Ukrainan, Keski-Aasian ja Etel\u00e4-Kaukasian markkinoilla. Valmistaudumme yhdess\u00e4 yritysten kanssa Ukrainan j\u00e4lleenrakentamiseen.\",\"potentialAction\":[{\"@type\":\"SearchAction\",\"target\":{\"@type\":\"EntryPoint\",\"urlTemplate\":\"https:\\\/\\\/www.eastcham.fi\\\/?s={search_term_string}\"},\"query-input\":{\"@type\":\"PropertyValueSpecification\",\"valueRequired\":true,\"valueName\":\"search_term_string\"}}],\"inLanguage\":\"en-US\"}]}<\/script>\n<!-- \/ Yoast SEO plugin. -->","yoast_head_json":{"title":"Services for Ukrainian market - EastCham Finland ry","description":"Kyiv office offers market research and concrete advise for Finnish companies to join the reconstruction of Ukraine.","robots":{"index":"index","follow":"follow","max-snippet":"max-snippet:-1","max-image-preview":"max-image-preview:large","max-video-preview":"max-video-preview:-1"},"canonical":"https:\/\/www.eastcham.fi\/en\/services\/services-for-ukrainian-market\/","og_locale":"en_US","og_type":"article","og_title":"Services for Ukrainian market - EastCham Finland ry","og_description":"Kyiv office offers market research and concrete advise for Finnish companies to join the reconstruction of Ukraine.","og_url":"https:\/\/www.eastcham.fi\/en\/services\/services-for-ukrainian-market\/","og_site_name":"EastCham Finland ry","article_publisher":"https:\/\/fi-fi.facebook.com\/svkkfrcc\/","article_modified_time":"2026-04-24T14:34:06+00:00","og_image":[{"width":2100,"height":1200,"url":"https:\/\/www.eastcham.fi\/wp-content\/uploads\/2026\/02\/Logo-liila-tausta.jpg","type":"image\/jpeg"}],"twitter_card":"summary_large_image","twitter_site":"@SVKK_FRCC","twitter_misc":{"Est. reading time":"4 minutes"},"schema":{"@context":"https:\/\/schema.org","@graph":[{"@type":"WebPage","@id":"https:\/\/www.eastcham.fi\/en\/services\/services-for-ukrainian-market\/","url":"https:\/\/www.eastcham.fi\/en\/services\/services-for-ukrainian-market\/","name":"Services for Ukrainian market - EastCham Finland ry","isPartOf":{"@id":"https:\/\/www.eastcham.fi\/#website"},"primaryImageOfPage":{"@id":"https:\/\/www.eastcham.fi\/en\/services\/services-for-ukrainian-market\/#primaryimage"},"image":{"@id":"https:\/\/www.eastcham.fi\/en\/services\/services-for-ukrainian-market\/#primaryimage"},"thumbnailUrl":"https:\/\/www.eastcham.fi\/wp-content\/uploads\/2026\/02\/Logo-liila-tausta.jpg","datePublished":"2025-09-01T05:29:58+00:00","dateModified":"2026-04-24T14:34:06+00:00","description":"Kyiv office offers market research and concrete advise for Finnish companies to join the reconstruction of Ukraine.","breadcrumb":{"@id":"https:\/\/www.eastcham.fi\/en\/services\/services-for-ukrainian-market\/#breadcrumb"},"inLanguage":"en-US","potentialAction":[{"@type":"ReadAction","target":["https:\/\/www.eastcham.fi\/en\/services\/services-for-ukrainian-market\/"]}]},{"@type":"ImageObject","inLanguage":"en-US","@id":"https:\/\/www.eastcham.fi\/en\/services\/services-for-ukrainian-market\/#primaryimage","url":"https:\/\/www.eastcham.fi\/wp-content\/uploads\/2026\/02\/Logo-liila-tausta.jpg","contentUrl":"https:\/\/www.eastcham.fi\/wp-content\/uploads\/2026\/02\/Logo-liila-tausta.jpg","width":2100,"height":1200},{"@type":"BreadcrumbList","@id":"https:\/\/www.eastcham.fi\/en\/services\/services-for-ukrainian-market\/#breadcrumb","itemListElement":[{"@type":"ListItem","position":1,"name":"Home","item":"https:\/\/www.eastcham.fi\/en\/"},{"@type":"ListItem","position":2,"name":"Services for companies","item":"https:\/\/www.eastcham.fi\/en\/services\/"},{"@type":"ListItem","position":3,"name":"Services for Ukrainian market"}]},{"@type":"WebSite","@id":"https:\/\/www.eastcham.fi\/#website","url":"https:\/\/www.eastcham.fi\/","name":"EastCham Finland ry","description":"EastCham Finland on kansainv\u00e4linen kauppakamari, joka osana Team Finland -verkostoa auttaa suomalaisia yrityksi\u00e4 kansainv\u00e4listym\u00e4\u00e4n. Seuraamme talouden kehityst\u00e4, neuvomme pakotteista ja tuemme suomalaisten yritysten liiketoimintaa Ukrainan, Keski-Aasian ja Etel\u00e4-Kaukasian markkinoilla. Valmistaudumme yhdess\u00e4 yritysten kanssa Ukrainan j\u00e4lleenrakentamiseen.","potentialAction":[{"@type":"SearchAction","target":{"@type":"EntryPoint","urlTemplate":"https:\/\/www.eastcham.fi\/?s={search_term_string}"},"query-input":{"@type":"PropertyValueSpecification","valueRequired":true,"valueName":"search_term_string"}}],"inLanguage":"en-US"}]}},"_links":{"self":[{"href":"https:\/\/www.eastcham.fi\/en\/wp-json\/wp\/v2\/pages\/109647","targetHints":{"allow":["GET"]}}],"collection":[{"href":"https:\/\/www.eastcham.fi\/en\/wp-json\/wp\/v2\/pages"}],"about":[{"href":"https:\/\/www.eastcham.fi\/en\/wp-json\/wp\/v2\/types\/page"}],"author":[{"embeddable":true,"href":"https:\/\/www.eastcham.fi\/en\/wp-json\/wp\/v2\/users\/16959"}],"replies":[{"embeddable":true,"href":"https:\/\/www.eastcham.fi\/en\/wp-json\/wp\/v2\/comments?post=109647"}],"version-history":[{"count":20,"href":"https:\/\/www.eastcham.fi\/en\/wp-json\/wp\/v2\/pages\/109647\/revisions"}],"predecessor-version":[{"id":115799,"href":"https:\/\/www.eastcham.fi\/en\/wp-json\/wp\/v2\/pages\/109647\/revisions\/115799"}],"up":[{"embeddable":true,"href":"https:\/\/www.eastcham.fi\/en\/wp-json\/wp\/v2\/pages\/80232"}],"wp:featuredmedia":[{"embeddable":true,"href":"https:\/\/www.eastcham.fi\/en\/wp-json\/wp\/v2\/media\/114477"}],"wp:attachment":[{"href":"https:\/\/www.eastcham.fi\/en\/wp-json\/wp\/v2\/media?parent=109647"}],"wp:term":[{"taxonomy":"post_tag","embeddable":true,"href":"https:\/\/www.eastcham.fi\/en\/wp-json\/wp\/v2\/tags?post=109647"}],"curies":[{"name":"wp","href":"https:\/\/api.w.org\/{rel}","templated":true}]}}