{"id":80226,"date":"2022-11-16T16:00:40","date_gmt":"2022-11-16T14:00:40","guid":{"rendered":"https:\/\/www.eastcham.fi\/?page_id=80226"},"modified":"2026-03-24T13:17:46","modified_gmt":"2026-03-24T11:17:46","slug":"fees","status":"publish","type":"page","link":"https:\/\/www.eastcham.fi\/en\/membership\/fees\/","title":{"rendered":"Fees and application"},"content":{"rendered":"<h2>Membership fees<\/h2>\n<p class=\"big-text\">The amount of the annual EastCham Finland&#8217;s membership fee is based on your company&#8217;s turnover.<\/p>\n<p>The board of EastCham Finland has confirmed the membership fees for 2025-2026.<\/p>\n<p><a href=\"https:\/\/www.eastcham.fi\/en\/membership\/fees\/attachment\/membership-fee-2026\/\" rel=\"attachment wp-att-112557\"><img loading=\"lazy\" decoding=\"async\" class=\"alignnone size-full wp-image-112557\" src=\"https:\/\/www.eastcham.fi\/wp-content\/uploads\/2025\/11\/MEMBERSHIP-FEE-2026.jpg\" alt=\"\" width=\"600\" height=\"600\" srcset=\"https:\/\/www.eastcham.fi\/wp-content\/uploads\/2025\/11\/MEMBERSHIP-FEE-2026.jpg 600w, https:\/\/www.eastcham.fi\/wp-content\/uploads\/2025\/11\/MEMBERSHIP-FEE-2026-300x300.jpg 300w, https:\/\/www.eastcham.fi\/wp-content\/uploads\/2025\/11\/MEMBERSHIP-FEE-2026-150x150.jpg 150w\" sizes=\"auto, (max-width: 600px) 100vw, 600px\" \/><\/a><\/p>\n<h2 id=\"corporate-membership\">Corporate membership<\/h2>\n<p>With one payment, the parent company can connect to EastCham Finland membership all or any of its subsidiaries, allowing the entire corporation to enjoy member benefits.<\/p>\n<p>The Corporate membership fee is calculated on the basis of the combined annual turnover of the parent company and related subsidiaries, i.e. their turnover is summed up. The ceiling of the Corporate membership fee is always our highest membership fee, which cannot be exceeded.<\/p>\n<p>By choosing Corporate membership, the parent company ensures that all subsidiaries that need our member services get the opportunity to use them.<\/p>\n<div class=\"card card-blue\">\n<h2>How to apply for Corporate membership?<\/h2>\n<ul>\n<li><strong>Current members<\/strong><\/li>\n<\/ul>\n<p>Current members of EastCham can apply for Corporate membership by emailing to <strong>Minna Kakko<\/strong> the registration numbers and names of all subsidiaries which the company wishes to connect \u00a0to the membership.<\/p>\n<ul>\n<li><strong>New members<\/strong><\/li>\n<\/ul>\n<p>To become an EastCham member, a company must complete and submit the <a href=\"https:\/\/www.eastcham.fi\/en\/membership\/fees\/\">Membership Application Form<\/a>. The application form should be completed with all the information of the subsidiaries to be included in the Corporate membership.\n<\/div>\n<p>Ask more about membership <a href=\"mailto:jasenpalvelut@eastcham.fi\">jasenpalvelut@eastcham.fi<\/a>.<\/p>\n<hr \/>\n<h2>Join our network:<\/h2>\n<p>Once we have processed your membership application, we will get in touch with you. Welcome to our member network!<\/p>\n\n<div class=\"wpcf7 no-js\" id=\"wpcf7-f96124-o1\" lang=\"en-US\" dir=\"ltr\" data-wpcf7-id=\"96124\">\n<div class=\"screen-reader-response\"><p role=\"status\" aria-live=\"polite\" aria-atomic=\"true\"><\/p> <ul><\/ul><\/div>\n<form action=\"\/en\/wp-json\/wp\/v2\/pages\/80226#wpcf7-f96124-o1\" method=\"post\" class=\"wpcf7-form init\" aria-label=\"Contact form\" novalidate=\"novalidate\" data-status=\"init\">\n<fieldset class=\"hidden-fields-container\"><input type=\"hidden\" name=\"_wpcf7\" value=\"96124\" \/><input type=\"hidden\" name=\"_wpcf7_version\" value=\"6.1.5\" \/><input type=\"hidden\" name=\"_wpcf7_locale\" value=\"en_US\" \/><input type=\"hidden\" name=\"_wpcf7_unit_tag\" value=\"wpcf7-f96124-o1\" \/><input type=\"hidden\" name=\"_wpcf7_container_post\" value=\"0\" \/><input type=\"hidden\" name=\"_wpcf7_posted_data_hash\" value=\"\" \/>\n<\/fieldset>\n<p>Fields marked with an asterisk (*) are mandatory.\n<\/p>\n<fieldset>\n\t<h3>Company Information\n\t<\/h3>\n\t<div class=\"form-group\">\n\t\t<p><label>Company \/ Organization name*<\/label><br \/>\n<span class=\"wpcf7-form-control-wrap\" data-name=\"organization\"><input size=\"40\" maxlength=\"400\" class=\"wpcf7-form-control wpcf7-text wpcf7-validates-as-required\" aria-required=\"true\" aria-invalid=\"false\" value=\"\" type=\"text\" name=\"organization\" \/><\/span>\n\t\t<\/p>\n\t<\/div>\n\t<div class=\"form-group\">\n\t\t<p><label>Business ID *<\/label><br \/>\n<span class=\"wpcf7-form-control-wrap\" data-name=\"business-id\"><input size=\"40\" maxlength=\"400\" class=\"wpcf7-form-control wpcf7-text wpcf7-validates-as-required\" aria-required=\"true\" aria-invalid=\"false\" value=\"\" type=\"text\" name=\"business-id\" \/><\/span>\n\t\t<\/p>\n\t<\/div>\n\t<div class=\"form-group\">\n\t\t<p><label>Contact person filling the form *<\/label><br \/>\n<span class=\"wpcf7-form-control-wrap\" data-name=\"contact-name\"><input size=\"40\" maxlength=\"400\" class=\"wpcf7-form-control wpcf7-text wpcf7-validates-as-required\" aria-required=\"true\" aria-invalid=\"false\" value=\"\" type=\"text\" name=\"contact-name\" \/><\/span>\n\t\t<\/p>\n\t<\/div>\n\t<div class=\"form-group\">\n\t\t<p><label>Mobile phone for contact*<\/label><br \/>\n<span class=\"wpcf7-form-control-wrap\" data-name=\"contact-phone\"><input size=\"40\" maxlength=\"400\" class=\"wpcf7-form-control wpcf7-tel wpcf7-validates-as-required wpcf7-text wpcf7-validates-as-tel\" aria-required=\"true\" aria-invalid=\"false\" value=\"\" type=\"tel\" name=\"contact-phone\" \/><\/span>\n\t\t<\/p>\n\t<\/div>\n\t<div class=\"form-group\">\n\t\t<p><label>E-mail for contact*<\/label><br \/>\n<span class=\"wpcf7-form-control-wrap\" data-name=\"contact-email\"><input size=\"40\" maxlength=\"400\" class=\"wpcf7-form-control wpcf7-email wpcf7-validates-as-required wpcf7-text wpcf7-validates-as-email\" aria-required=\"true\" aria-invalid=\"false\" value=\"\" type=\"email\" name=\"contact-email\" \/><\/span>\n\t\t<\/p>\n\t<\/div>\n\t<div class=\"form-group\">\n\t\t<p><label>Visiting address *<\/label><br \/>\n<span class=\"wpcf7-form-control-wrap\" data-name=\"address\"><input size=\"40\" maxlength=\"400\" class=\"wpcf7-form-control wpcf7-text wpcf7-validates-as-required\" aria-required=\"true\" aria-invalid=\"false\" value=\"\" type=\"text\" name=\"address\" \/><\/span>\n\t\t<\/p>\n\t<\/div>\n\t<div class=\"form-group\">\n\t\t<p><label>Mailing Address *<\/label><br \/>\n<span class=\"wpcf7-form-control-wrap\" data-name=\"postal-address\"><input size=\"40\" maxlength=\"400\" class=\"wpcf7-form-control wpcf7-text wpcf7-validates-as-required\" aria-required=\"true\" aria-invalid=\"false\" value=\"\" type=\"text\" name=\"postal-address\" \/><\/span>\n\t\t<\/p>\n\t<\/div>\n\t<div class=\"form-group\">\n\t\t<p><label>ZIP code *<\/label><br \/>\n<span class=\"wpcf7-form-control-wrap\" data-name=\"postcode\"><input class=\"wpcf7-form-control wpcf7-number wpcf7-validates-as-required wpcf7-validates-as-number\" aria-required=\"true\" aria-invalid=\"false\" value=\"\" type=\"number\" name=\"postcode\" \/><\/span>\n\t\t<\/p>\n\t<\/div>\n\t<div class=\"form-group\">\n\t\t<p><label>Post Office *<\/label><br \/>\n<span class=\"wpcf7-form-control-wrap\" data-name=\"city\"><input size=\"40\" maxlength=\"400\" class=\"wpcf7-form-control wpcf7-text wpcf7-validates-as-required\" aria-required=\"true\" aria-invalid=\"false\" value=\"\" type=\"text\" name=\"city\" \/><\/span>\n\t\t<\/p>\n\t<\/div>\n\t<div class=\"form-group\">\n\t\t<p><label>Company Phone*<\/label><br \/>\n<span class=\"wpcf7-form-control-wrap\" data-name=\"phone\"><input size=\"40\" maxlength=\"400\" class=\"wpcf7-form-control wpcf7-tel wpcf7-validates-as-required wpcf7-text wpcf7-validates-as-tel\" aria-required=\"true\" aria-invalid=\"false\" value=\"\" type=\"tel\" name=\"phone\" \/><\/span>\n\t\t<\/p>\n\t<\/div>\n\t<div class=\"textarea-wrap\">\n\t\t<p><label>Invoicing Address<\/label><br \/>\n<span class=\"wpcf7-form-control-wrap\" data-name=\"company-billing\"><textarea cols=\"40\" rows=\"10\" maxlength=\"2000\" class=\"wpcf7-form-control wpcf7-textarea\" aria-invalid=\"false\" name=\"company-billing\"><\/textarea><\/span>\n\t\t<\/p>\n\t<\/div>\n<\/fieldset>\n<h3>Corporate Membership (Optional)\n<\/h3>\n<div class=\"textarea-wrap\">\n\t<p><label>Companies to add in corporate membership according to their permission (name and VAT-code):<\/label><br \/>\n<span class=\"wpcf7-form-control-wrap\" data-name=\"konsernijasenyys\"><textarea cols=\"40\" rows=\"10\" maxlength=\"2000\" class=\"wpcf7-form-control wpcf7-textarea\" aria-invalid=\"false\" name=\"konsernijasenyys\"><\/textarea><\/span>\n\t<\/p>\n<\/div>\n<div class=\"form-group\">\n\t<p><label>Who has recommended EastCham Finland's Membership<\/label><br \/>\n<span class=\"wpcf7-form-control-wrap\" data-name=\"referree-name\"><input size=\"40\" maxlength=\"400\" class=\"wpcf7-form-control wpcf7-text\" aria-invalid=\"false\" value=\"\" type=\"text\" name=\"referree-name\" \/><\/span>\n\t<\/p>\n<\/div>\n<p align=\"left\"><br \/>\n<label>I consent to the processing of personal data for the purposes according to the privacy policy of EastCham Finland.<\/label><br \/>\n<span class=\"wpcf7-form-control-wrap\" data-name=\"Tietojen-keraaminen\"><span class=\"wpcf7-form-control wpcf7-acceptance\"><span class=\"wpcf7-list-item\"><label><input type=\"checkbox\" name=\"Tietojen-keraaminen\" value=\"1\" aria-invalid=\"false\" \/><span class=\"wpcf7-list-item-label\">Yes<\/span><\/label><\/span><\/span><\/span>\n<\/p>\n<p align=\"left\"><a href=\"https:\/\/www.eastcham.fi\/en\/privacy-notice\/\">Privacy Notice<\/a>\n<\/p>\n<p><button type=\"submit\" class=\"btn-blue small\"><span>Send<\/span><\/button>\n<\/p>\n\n<div class=\"wpcf7-response-output\" aria-hidden=\"true\"><\/div>\n<\/form>\n<\/div>\n\n","protected":false},"excerpt":{"rendered":"<p>Membership fees The amount of the annual EastCham Finland&#8217;s membership fee is based on your company&#8217;s turnover. The board of EastCham Finland has confirmed the membership fees for 2025-2026. Corporate membership With one payment, the parent company can connect to EastCham Finland membership all or any of its subsidiaries, allowing the entire corporation to enjoy&#8230;<\/p>\n","protected":false},"author":2617,"featured_media":0,"parent":80220,"menu_order":0,"comment_status":"closed","ping_status":"closed","template":"","meta":{"_acf_changed":false,"footnotes":""},"tags":[],"class_list":["post-80226","page","type-page","status-publish","hentry"],"acf":[],"yoast_head":"<!-- This site is optimized with the Yoast SEO plugin v27.3 - https:\/\/yoast.com\/product\/yoast-seo-wordpress\/ -->\n<title>Fees and application - EastCham Finland ry<\/title>\n<meta name=\"robots\" content=\"index, follow, max-snippet:-1, max-image-preview:large, max-video-preview:-1\" \/>\n<link rel=\"canonical\" href=\"https:\/\/www.eastcham.fi\/en\/membership\/fees\/\" \/>\n<meta property=\"og:locale\" content=\"en_US\" \/>\n<meta property=\"og:type\" content=\"article\" \/>\n<meta property=\"og:title\" content=\"Fees and application - EastCham Finland ry\" \/>\n<meta property=\"og:description\" content=\"Membership fees The amount of the annual EastCham Finland&#8217;s membership fee is based on your company&#8217;s turnover. The board of EastCham Finland has confirmed the membership fees for 2025-2026. Corporate membership With one payment, the parent company can connect to EastCham Finland membership all or any of its subsidiaries, allowing the entire corporation to enjoy...\" \/>\n<meta property=\"og:url\" content=\"https:\/\/www.eastcham.fi\/en\/membership\/fees\/\" \/>\n<meta property=\"og:site_name\" content=\"EastCham Finland ry\" \/>\n<meta property=\"article:publisher\" content=\"https:\/\/fi-fi.facebook.com\/svkkfrcc\/\" \/>\n<meta property=\"article:modified_time\" content=\"2026-03-24T11:17:46+00:00\" \/>\n<meta property=\"og:image\" content=\"https:\/\/www.eastcham.fi\/wp-content\/uploads\/2025\/11\/MEMBERSHIP-FEE-2026.jpg\" \/>\n\t<meta property=\"og:image:width\" content=\"600\" \/>\n\t<meta property=\"og:image:height\" content=\"600\" \/>\n\t<meta property=\"og:image:type\" content=\"image\/jpeg\" \/>\n<meta name=\"twitter:card\" content=\"summary_large_image\" \/>\n<meta name=\"twitter:site\" content=\"@SVKK_FRCC\" \/>\n<meta name=\"twitter:label1\" content=\"Est. reading time\" \/>\n\t<meta name=\"twitter:data1\" content=\"2 minutes\" \/>\n<script type=\"application\/ld+json\" class=\"yoast-schema-graph\">{\"@context\":\"https:\\\/\\\/schema.org\",\"@graph\":[{\"@type\":\"WebPage\",\"@id\":\"https:\\\/\\\/www.eastcham.fi\\\/en\\\/membership\\\/fees\\\/\",\"url\":\"https:\\\/\\\/www.eastcham.fi\\\/en\\\/membership\\\/fees\\\/\",\"name\":\"Fees and application - EastCham Finland ry\",\"isPartOf\":{\"@id\":\"https:\\\/\\\/www.eastcham.fi\\\/#website\"},\"primaryImageOfPage\":{\"@id\":\"https:\\\/\\\/www.eastcham.fi\\\/en\\\/membership\\\/fees\\\/#primaryimage\"},\"image\":{\"@id\":\"https:\\\/\\\/www.eastcham.fi\\\/en\\\/membership\\\/fees\\\/#primaryimage\"},\"thumbnailUrl\":\"https:\\\/\\\/www.eastcham.fi\\\/wp-content\\\/uploads\\\/2025\\\/11\\\/MEMBERSHIP-FEE-2026.jpg\",\"datePublished\":\"2022-11-16T14:00:40+00:00\",\"dateModified\":\"2026-03-24T11:17:46+00:00\",\"breadcrumb\":{\"@id\":\"https:\\\/\\\/www.eastcham.fi\\\/en\\\/membership\\\/fees\\\/#breadcrumb\"},\"inLanguage\":\"en-US\",\"potentialAction\":[{\"@type\":\"ReadAction\",\"target\":[\"https:\\\/\\\/www.eastcham.fi\\\/en\\\/membership\\\/fees\\\/\"]}]},{\"@type\":\"ImageObject\",\"inLanguage\":\"en-US\",\"@id\":\"https:\\\/\\\/www.eastcham.fi\\\/en\\\/membership\\\/fees\\\/#primaryimage\",\"url\":\"https:\\\/\\\/www.eastcham.fi\\\/wp-content\\\/uploads\\\/2025\\\/11\\\/MEMBERSHIP-FEE-2026.jpg\",\"contentUrl\":\"https:\\\/\\\/www.eastcham.fi\\\/wp-content\\\/uploads\\\/2025\\\/11\\\/MEMBERSHIP-FEE-2026.jpg\"},{\"@type\":\"BreadcrumbList\",\"@id\":\"https:\\\/\\\/www.eastcham.fi\\\/en\\\/membership\\\/fees\\\/#breadcrumb\",\"itemListElement\":[{\"@type\":\"ListItem\",\"position\":1,\"name\":\"Home\",\"item\":\"https:\\\/\\\/www.eastcham.fi\\\/en\\\/\"},{\"@type\":\"ListItem\",\"position\":2,\"name\":\"Membership\",\"item\":\"https:\\\/\\\/www.eastcham.fi\\\/en\\\/membership\\\/\"},{\"@type\":\"ListItem\",\"position\":3,\"name\":\"Fees and application\"}]},{\"@type\":\"WebSite\",\"@id\":\"https:\\\/\\\/www.eastcham.fi\\\/#website\",\"url\":\"https:\\\/\\\/www.eastcham.fi\\\/\",\"name\":\"EastCham Finland ry\",\"description\":\"EastCham Finland on kansainv\u00e4linen kauppakamari, joka osana Team Finland -verkostoa auttaa suomalaisia yrityksi\u00e4 kansainv\u00e4listym\u00e4\u00e4n. Seuraamme talouden kehityst\u00e4, neuvomme pakotteista ja tuemme suomalaisten yritysten liiketoimintaa Ukrainan, Keski-Aasian ja Etel\u00e4-Kaukasian markkinoilla. Valmistaudumme yhdess\u00e4 yritysten kanssa Ukrainan j\u00e4lleenrakentamiseen.\",\"potentialAction\":[{\"@type\":\"SearchAction\",\"target\":{\"@type\":\"EntryPoint\",\"urlTemplate\":\"https:\\\/\\\/www.eastcham.fi\\\/?s={search_term_string}\"},\"query-input\":{\"@type\":\"PropertyValueSpecification\",\"valueRequired\":true,\"valueName\":\"search_term_string\"}}],\"inLanguage\":\"en-US\"}]}<\/script>\n<!-- \/ Yoast SEO plugin. -->","yoast_head_json":{"title":"Fees and application - EastCham Finland ry","robots":{"index":"index","follow":"follow","max-snippet":"max-snippet:-1","max-image-preview":"max-image-preview:large","max-video-preview":"max-video-preview:-1"},"canonical":"https:\/\/www.eastcham.fi\/en\/membership\/fees\/","og_locale":"en_US","og_type":"article","og_title":"Fees and application - EastCham Finland ry","og_description":"Membership fees The amount of the annual EastCham Finland&#8217;s membership fee is based on your company&#8217;s turnover. The board of EastCham Finland has confirmed the membership fees for 2025-2026. Corporate membership With one payment, the parent company can connect to EastCham Finland membership all or any of its subsidiaries, allowing the entire corporation to enjoy...","og_url":"https:\/\/www.eastcham.fi\/en\/membership\/fees\/","og_site_name":"EastCham Finland ry","article_publisher":"https:\/\/fi-fi.facebook.com\/svkkfrcc\/","article_modified_time":"2026-03-24T11:17:46+00:00","og_image":[{"width":600,"height":600,"url":"https:\/\/www.eastcham.fi\/wp-content\/uploads\/2025\/11\/MEMBERSHIP-FEE-2026.jpg","type":"image\/jpeg"}],"twitter_card":"summary_large_image","twitter_site":"@SVKK_FRCC","twitter_misc":{"Est. reading time":"2 minutes"},"schema":{"@context":"https:\/\/schema.org","@graph":[{"@type":"WebPage","@id":"https:\/\/www.eastcham.fi\/en\/membership\/fees\/","url":"https:\/\/www.eastcham.fi\/en\/membership\/fees\/","name":"Fees and application - EastCham Finland ry","isPartOf":{"@id":"https:\/\/www.eastcham.fi\/#website"},"primaryImageOfPage":{"@id":"https:\/\/www.eastcham.fi\/en\/membership\/fees\/#primaryimage"},"image":{"@id":"https:\/\/www.eastcham.fi\/en\/membership\/fees\/#primaryimage"},"thumbnailUrl":"https:\/\/www.eastcham.fi\/wp-content\/uploads\/2025\/11\/MEMBERSHIP-FEE-2026.jpg","datePublished":"2022-11-16T14:00:40+00:00","dateModified":"2026-03-24T11:17:46+00:00","breadcrumb":{"@id":"https:\/\/www.eastcham.fi\/en\/membership\/fees\/#breadcrumb"},"inLanguage":"en-US","potentialAction":[{"@type":"ReadAction","target":["https:\/\/www.eastcham.fi\/en\/membership\/fees\/"]}]},{"@type":"ImageObject","inLanguage":"en-US","@id":"https:\/\/www.eastcham.fi\/en\/membership\/fees\/#primaryimage","url":"https:\/\/www.eastcham.fi\/wp-content\/uploads\/2025\/11\/MEMBERSHIP-FEE-2026.jpg","contentUrl":"https:\/\/www.eastcham.fi\/wp-content\/uploads\/2025\/11\/MEMBERSHIP-FEE-2026.jpg"},{"@type":"BreadcrumbList","@id":"https:\/\/www.eastcham.fi\/en\/membership\/fees\/#breadcrumb","itemListElement":[{"@type":"ListItem","position":1,"name":"Home","item":"https:\/\/www.eastcham.fi\/en\/"},{"@type":"ListItem","position":2,"name":"Membership","item":"https:\/\/www.eastcham.fi\/en\/membership\/"},{"@type":"ListItem","position":3,"name":"Fees and application"}]},{"@type":"WebSite","@id":"https:\/\/www.eastcham.fi\/#website","url":"https:\/\/www.eastcham.fi\/","name":"EastCham Finland ry","description":"EastCham Finland on kansainv\u00e4linen kauppakamari, joka osana Team Finland -verkostoa auttaa suomalaisia yrityksi\u00e4 kansainv\u00e4listym\u00e4\u00e4n. Seuraamme talouden kehityst\u00e4, neuvomme pakotteista ja tuemme suomalaisten yritysten liiketoimintaa Ukrainan, Keski-Aasian ja Etel\u00e4-Kaukasian markkinoilla. Valmistaudumme yhdess\u00e4 yritysten kanssa Ukrainan j\u00e4lleenrakentamiseen.","potentialAction":[{"@type":"SearchAction","target":{"@type":"EntryPoint","urlTemplate":"https:\/\/www.eastcham.fi\/?s={search_term_string}"},"query-input":{"@type":"PropertyValueSpecification","valueRequired":true,"valueName":"search_term_string"}}],"inLanguage":"en-US"}]}},"_links":{"self":[{"href":"https:\/\/www.eastcham.fi\/en\/wp-json\/wp\/v2\/pages\/80226","targetHints":{"allow":["GET"]}}],"collection":[{"href":"https:\/\/www.eastcham.fi\/en\/wp-json\/wp\/v2\/pages"}],"about":[{"href":"https:\/\/www.eastcham.fi\/en\/wp-json\/wp\/v2\/types\/page"}],"author":[{"embeddable":true,"href":"https:\/\/www.eastcham.fi\/en\/wp-json\/wp\/v2\/users\/2617"}],"replies":[{"embeddable":true,"href":"https:\/\/www.eastcham.fi\/en\/wp-json\/wp\/v2\/comments?post=80226"}],"version-history":[{"count":20,"href":"https:\/\/www.eastcham.fi\/en\/wp-json\/wp\/v2\/pages\/80226\/revisions"}],"predecessor-version":[{"id":115022,"href":"https:\/\/www.eastcham.fi\/en\/wp-json\/wp\/v2\/pages\/80226\/revisions\/115022"}],"up":[{"embeddable":true,"href":"https:\/\/www.eastcham.fi\/en\/wp-json\/wp\/v2\/pages\/80220"}],"wp:attachment":[{"href":"https:\/\/www.eastcham.fi\/en\/wp-json\/wp\/v2\/media?parent=80226"}],"wp:term":[{"taxonomy":"post_tag","embeddable":true,"href":"https:\/\/www.eastcham.fi\/en\/wp-json\/wp\/v2\/tags?post=80226"}],"curies":[{"name":"wp","href":"https:\/\/api.w.org\/{rel}","templated":true}]}}