{"id":80239,"date":"2022-11-16T16:07:27","date_gmt":"2022-11-16T14:07:27","guid":{"rendered":"https:\/\/www.eastcham.fi\/?page_id=80239"},"modified":"2026-03-25T08:21:57","modified_gmt":"2026-03-25T06:21:57","slug":"contacts","status":"publish","type":"page","link":"https:\/\/www.eastcham.fi\/en\/contacts\/","title":{"rendered":"Contact"},"content":{"rendered":"","protected":false},"excerpt":{"rendered":"","protected":false},"author":1,"featured_media":0,"parent":0,"menu_order":0,"comment_status":"closed","ping_status":"closed","template":"page-templates\/contact-details.php","meta":{"_acf_changed":false,"footnotes":""},"tags":[],"class_list":["post-80239","page","type-page","status-publish","hentry"],"acf":[],"yoast_head":"<!-- This site is optimized with the Yoast SEO plugin v27.5 - https:\/\/yoast.com\/product\/yoast-seo-wordpress\/ -->\n<title>Contact - EastCham Finland ry<\/title>\n<meta name=\"robots\" content=\"index, follow, max-snippet:-1, max-image-preview:large, max-video-preview:-1\" \/>\n<link rel=\"canonical\" href=\"https:\/\/www.eastcham.fi\/en\/contacts\/\" \/>\n<meta property=\"og:locale\" content=\"en_US\" \/>\n<meta property=\"og:type\" content=\"article\" \/>\n<meta property=\"og:title\" content=\"Contact - EastCham Finland ry\" \/>\n<meta property=\"og:url\" content=\"https:\/\/www.eastcham.fi\/en\/contacts\/\" \/>\n<meta property=\"og:site_name\" content=\"EastCham Finland ry\" \/>\n<meta property=\"article:publisher\" content=\"https:\/\/fi-fi.facebook.com\/svkkfrcc\/\" \/>\n<meta property=\"article:modified_time\" content=\"2026-03-25T06:21:57+00:00\" \/>\n<meta name=\"twitter:card\" content=\"summary_large_image\" \/>\n<meta name=\"twitter:site\" content=\"@SVKK_FRCC\" \/>\n<script type=\"application\/ld+json\" class=\"yoast-schema-graph\">{\"@context\":\"https:\\\/\\\/schema.org\",\"@graph\":[{\"@type\":\"WebPage\",\"@id\":\"https:\\\/\\\/www.eastcham.fi\\\/en\\\/contacts\\\/\",\"url\":\"https:\\\/\\\/www.eastcham.fi\\\/en\\\/contacts\\\/\",\"name\":\"Contact - EastCham Finland ry\",\"isPartOf\":{\"@id\":\"https:\\\/\\\/www.eastcham.fi\\\/#website\"},\"datePublished\":\"2022-11-16T14:07:27+00:00\",\"dateModified\":\"2026-03-25T06:21:57+00:00\",\"breadcrumb\":{\"@id\":\"https:\\\/\\\/www.eastcham.fi\\\/en\\\/contacts\\\/#breadcrumb\"},\"inLanguage\":\"en-US\",\"potentialAction\":[{\"@type\":\"ReadAction\",\"target\":[\"https:\\\/\\\/www.eastcham.fi\\\/en\\\/contacts\\\/\"]}]},{\"@type\":\"BreadcrumbList\",\"@id\":\"https:\\\/\\\/www.eastcham.fi\\\/en\\\/contacts\\\/#breadcrumb\",\"itemListElement\":[{\"@type\":\"ListItem\",\"position\":1,\"name\":\"Home\",\"item\":\"https:\\\/\\\/www.eastcham.fi\\\/en\\\/\"},{\"@type\":\"ListItem\",\"position\":2,\"name\":\"Contact\"}]},{\"@type\":\"WebSite\",\"@id\":\"https:\\\/\\\/www.eastcham.fi\\\/#website\",\"url\":\"https:\\\/\\\/www.eastcham.fi\\\/\",\"name\":\"EastCham Finland ry\",\"description\":\"EastCham Finland on kansainv\u00e4linen kauppakamari, joka osana Team Finland -verkostoa auttaa suomalaisia yrityksi\u00e4 kansainv\u00e4listym\u00e4\u00e4n. Seuraamme talouden kehityst\u00e4, neuvomme pakotteista ja tuemme suomalaisten yritysten liiketoimintaa Ukrainan, Keski-Aasian ja Etel\u00e4-Kaukasian markkinoilla. Valmistaudumme yhdess\u00e4 yritysten kanssa Ukrainan j\u00e4lleenrakentamiseen.\",\"potentialAction\":[{\"@type\":\"SearchAction\",\"target\":{\"@type\":\"EntryPoint\",\"urlTemplate\":\"https:\\\/\\\/www.eastcham.fi\\\/?s={search_term_string}\"},\"query-input\":{\"@type\":\"PropertyValueSpecification\",\"valueRequired\":true,\"valueName\":\"search_term_string\"}}],\"inLanguage\":\"en-US\"}]}<\/script>\n<!-- \/ Yoast SEO plugin. -->","yoast_head_json":{"title":"Contact - EastCham Finland ry","robots":{"index":"index","follow":"follow","max-snippet":"max-snippet:-1","max-image-preview":"max-image-preview:large","max-video-preview":"max-video-preview:-1"},"canonical":"https:\/\/www.eastcham.fi\/en\/contacts\/","og_locale":"en_US","og_type":"article","og_title":"Contact - EastCham Finland ry","og_url":"https:\/\/www.eastcham.fi\/en\/contacts\/","og_site_name":"EastCham Finland ry","article_publisher":"https:\/\/fi-fi.facebook.com\/svkkfrcc\/","article_modified_time":"2026-03-25T06:21:57+00:00","twitter_card":"summary_large_image","twitter_site":"@SVKK_FRCC","schema":{"@context":"https:\/\/schema.org","@graph":[{"@type":"WebPage","@id":"https:\/\/www.eastcham.fi\/en\/contacts\/","url":"https:\/\/www.eastcham.fi\/en\/contacts\/","name":"Contact - EastCham Finland ry","isPartOf":{"@id":"https:\/\/www.eastcham.fi\/#website"},"datePublished":"2022-11-16T14:07:27+00:00","dateModified":"2026-03-25T06:21:57+00:00","breadcrumb":{"@id":"https:\/\/www.eastcham.fi\/en\/contacts\/#breadcrumb"},"inLanguage":"en-US","potentialAction":[{"@type":"ReadAction","target":["https:\/\/www.eastcham.fi\/en\/contacts\/"]}]},{"@type":"BreadcrumbList","@id":"https:\/\/www.eastcham.fi\/en\/contacts\/#breadcrumb","itemListElement":[{"@type":"ListItem","position":1,"name":"Home","item":"https:\/\/www.eastcham.fi\/en\/"},{"@type":"ListItem","position":2,"name":"Contact"}]},{"@type":"WebSite","@id":"https:\/\/www.eastcham.fi\/#website","url":"https:\/\/www.eastcham.fi\/","name":"EastCham Finland ry","description":"EastCham Finland on kansainv\u00e4linen kauppakamari, joka osana Team Finland -verkostoa auttaa suomalaisia yrityksi\u00e4 kansainv\u00e4listym\u00e4\u00e4n. Seuraamme talouden kehityst\u00e4, neuvomme pakotteista ja tuemme suomalaisten yritysten liiketoimintaa Ukrainan, Keski-Aasian ja Etel\u00e4-Kaukasian markkinoilla. Valmistaudumme yhdess\u00e4 yritysten kanssa Ukrainan j\u00e4lleenrakentamiseen.","potentialAction":[{"@type":"SearchAction","target":{"@type":"EntryPoint","urlTemplate":"https:\/\/www.eastcham.fi\/?s={search_term_string}"},"query-input":{"@type":"PropertyValueSpecification","valueRequired":true,"valueName":"search_term_string"}}],"inLanguage":"en-US"}]}},"_links":{"self":[{"href":"https:\/\/www.eastcham.fi\/en\/wp-json\/wp\/v2\/pages\/80239","targetHints":{"allow":["GET"]}}],"collection":[{"href":"https:\/\/www.eastcham.fi\/en\/wp-json\/wp\/v2\/pages"}],"about":[{"href":"https:\/\/www.eastcham.fi\/en\/wp-json\/wp\/v2\/types\/page"}],"author":[{"embeddable":true,"href":"https:\/\/www.eastcham.fi\/en\/wp-json\/wp\/v2\/users\/1"}],"replies":[{"embeddable":true,"href":"https:\/\/www.eastcham.fi\/en\/wp-json\/wp\/v2\/comments?post=80239"}],"version-history":[{"count":21,"href":"https:\/\/www.eastcham.fi\/en\/wp-json\/wp\/v2\/pages\/80239\/revisions"}],"predecessor-version":[{"id":115218,"href":"https:\/\/www.eastcham.fi\/en\/wp-json\/wp\/v2\/pages\/80239\/revisions\/115218"}],"wp:attachment":[{"href":"https:\/\/www.eastcham.fi\/en\/wp-json\/wp\/v2\/media?parent=80239"}],"wp:term":[{"taxonomy":"post_tag","embeddable":true,"href":"https:\/\/www.eastcham.fi\/en\/wp-json\/wp\/v2\/tags?post=80239"}],"curies":[{"name":"wp","href":"https:\/\/api.w.org\/{rel}","templated":true}]}}