{"id":80908,"date":"2022-12-02T10:45:58","date_gmt":"2022-12-02T08:45:58","guid":{"rendered":"https:\/\/www.eastcham.fi\/?page_id=80908"},"modified":"2026-02-09T08:28:24","modified_gmt":"2026-02-09T06:28:24","slug":"market-info","status":"publish","type":"page","link":"https:\/\/www.eastcham.fi\/en\/market-info\/","title":{"rendered":"Market Info"},"content":{"rendered":"<p>Finland is known for its engineering expertise, high-quality education, and well-preserved nature. Finnish solutions have been tested in the harsh conditions of the North and proven to be durable around the world. As trade partners, the Finns are punctual and reliable. <a href=\"https:\/\/www.eastcham.fi\/en\/contacts\/\" target=\"_blank\" rel=\"noopener\">Contact our experts<\/a> when you want to harness Finnish know-how in your project.<\/p>\n<h3>Finnish expertise includes:<\/h3>\n<ul>\n<li>Clean solutions for industry<\/li>\n<li>Mining<\/li>\n<li>Energy sector, incl. renewable energy<\/li>\n<li>Water management<\/li>\n<li>Infrastructure: water, energy, transport, digitalization<\/li>\n<li>Agriculture<\/li>\n<li>IT and telecom<\/li>\n<li>Logistics<\/li>\n<li>Healthcare<\/li>\n<li>Education<\/li>\n<\/ul>\n<hr \/>\n<h2>The key markets of EastCham Finland<\/h2>\n<p>We support companies\u2019 operations, monitor economic developments and provide guidance on sanctions in Ukraine, Central Asia, and the South Caucasus.<\/p>\n<style>\n\t#wpcpro-wrapper #sp-wp-carousel-pro-id-106321.sp-wpcp-106321 .wpcp-all-captions .post-categories {\n\t\ttext-align: center;\n\t}\n\t#wpcpro-wrapper #sp-wp-carousel-pro-id-106321.sp-wpcp-106321 .wpcp-all-captions .post-categories li a {\n\t\t\t\tcolor: #22afba;\n\t\t\t\tfont-size: 14px;\n\t\t\t\tline-height: 21px;\n\t\t\t\tletter-spacing: 0px;\n\t\t\t\ttext-transform: none;\n\t\t\tfont-family: Open Sans;\n\t\t\tfont-weight: 600;\n\t\t\tfont-style: normal;}\n\t#wpcpro-wrapper #sp-wp-carousel-pro-id-106321.sp-wpcp-106321 .wpcp-all-captions h2.wpcp-post-title a {\n    \t\tcolor: #444;\n\t\t\tfont-size: 20px;\n\t\t\tline-height: 30px;\n\t\t\tletter-spacing: 0px;\n\t\t\ttext-transform: none;\n\t\t\tfont-family: Open Sans;\n\t\t\tfont-weight: 600;\n\t\t\tfont-style: normal;}\n\t#wpcpro-wrapper #sp-wp-carousel-pro-id-106321.sp-wpcp-106321 .wpcp-all-captions h2.wpcp-post-title a:hover{\n\t\t\tcolor: #555;\n\t\t}\n\t\t#wpcpro-wrapper #sp-wp-carousel-pro-id-106321.sp-wpcp-106321 .wpcp-all-captions h2.wpcp-post-title {\n\t\t\ttext-align: center;\n\t\t}\n\t\t#wpcpro-wrapper #sp-wp-carousel-pro-id-106321.sp-wpcp-106321 .wpcp-all-captions p {\n\t\t\tcolor: #333;\n\t\t\tfont-size: 16px;\n\t\t\tline-height: 26px;\n\t\t\tletter-spacing: 0px;\n\t\t\ttext-transform: none;\n\t\t\tfont-family: Open Sans;\n\t\t\tfont-weight: normal;\n\t\t\tfont-style: normal;}\n\t#wpcpro-wrapper #sp-wp-carousel-pro-id-106321.sp-wpcp-106321 .wpcp-all-captions p {\n\t\t\ttext-align: center;\n\t\t}\n\t\t#wpcpro-wrapper #sp-wp-carousel-pro-id-106321.sp-wpcp-106321 .wpcp-all-captions .wpcp-post-meta li,\n\t\t#wpcpro-wrapper #sp-wp-carousel-pro-id-106321.sp-wpcp-106321 .wpcp-all-captions .wpcp-post-meta a {\n\t\t\tcolor: #999;\n\t\t\tfont-size: 14px;\n\t\t\tline-height: 24px;\n\t\t\tletter-spacing: 0px;\n\t\t\ttext-transform: none;\n\t\t\tfont-family: Open Sans;\n\t\t\tfont-weight: normal;\n\t\t\tfont-style: normal;}\n\t#wpcpro-wrapper #sp-wp-carousel-pro-id-106321.sp-wpcp-106321 .wpcp-all-captions .wpcp-post-meta {\n\t\t\ttext-align: center;\n\t\t}\n\t\t#wpcpro-wrapper #sp-wp-carousel-pro-id-106321.sp-wpcp-106321 .wpcp-all-captions .sp-wpcp-read-more a {\n\t\t\tfont-size: 14px;\n\t\t\tline-height: 24px;\n\t\t\tletter-spacing: 0px;\n\t\t\ttext-transform: none;\n\t\t\tfont-family: Open Sans;\n\t\t\tfont-weight: 600;\n\t\t\tfont-style: normal;}\n\t#wpcpro-wrapper #sp-wp-carousel-pro-id-106321.sp-wpcp-106321 .wpcp-all-captions .sp-wpcp-read-more {\n\t\t\ttext-align: center;\n\t\t}\n\t\t#wpcpro-wrapper #sp-wp-carousel-pro-id-106321.sp-wpcp-106321 .wpcp-all-captions .sp-wpcp-read-more a {\n\t\t\t\tcolor: #fff;\n\t\t\tbackground: #ea611c;\n\t\t\tborder-color: #ea611c;\n\t\t}\n\t\t#wpcpro-wrapper #sp-wp-carousel-pro-id-106321.sp-wpcp-106321 .wpcp-all-captions .sp-wpcp-read-more a:hover {\n\t\t\t\tcolor: #fff;\n\t\t\tbackground: #ea611c;\n\t\t\tborder-color: #ea611c;\n\t\t}\n\t#wpcpro-wrapper #sp-wp-carousel-pro-id-106321.wpcp-carousel-section.sp-wpcp-106321 .slick-prev,\n\t#wpcpro-wrapper #sp-wp-carousel-pro-id-106321.wpcp-carousel-section.sp-wpcp-106321 .slick-next {\n\t\t\tcolor: #aaa;\n\t\t\tbackground-color: #fff;\n\t\t\tborder-color: #aaa;\n\t\t\tborder-radius: 0%;\n\t\t}\n\t\t#wpcpro-wrapper #sp-wp-carousel-pro-id-106321.wpcp-carousel-section.sp-wpcp-106321 .slick-prev:hover,\n\t\t#wpcpro-wrapper #sp-wp-carousel-pro-id-106321.wpcp-carousel-section.sp-wpcp-106321 .slick-next:hover {\n\t\t\tcolor: #fff;\n\t\t\tbackground-color: #ea611c;\n\t\t\tborder-color: #ea611c;\n\t\t}\n\t#wpcpro-wrapper #sp-wp-carousel-pro-id-106321.sp-wpcp-106321.nav-vertical-center-inner-hover.slick-dotted .slick-next,\n\t#wpcpro-wrapper #sp-wp-carousel-pro-id-106321.wpcp-carousel-section.sp-wpcp-106321.nav-vertical-center-inner-hover.slick-dotted .slick-prev,\n\t#wpcpro-wrapper #sp-wp-carousel-pro-id-106321.wpcp-carousel-section.sp-wpcp-106321.nav-vertical-center-inner.slick-dotted .slick-next,\n\t#wpcpro-wrapper #sp-wp-carousel-pro-id-106321.wpcp-carousel-section.sp-wpcp-106321.nav-vertical-center-inner.slick-dotted .slick-prev,\n\t#wpcpro-wrapper #sp-wp-carousel-pro-id-106321.wpcp-carousel-section.sp-wpcp-106321.nav-vertical-center.slick-dotted .slick-next,\n\t#wpcpro-wrapper #sp-wp-carousel-pro-id-106321.wpcp-carousel-section.sp-wpcp-106321.nav-vertical-center.slick-dotted .slick-prev {\n\t\t\tmargin-top: -35px;\n\t\t}\n#wpcpro-wrapper #sp-wp-carousel-pro-id-106321.wpcp-carousel-section.sp-wpcp-106321 ul.slick-dots {\n\t\tmargin: 18px 0px 0px 0px;\n\t}\n\t#wpcpro-wrapper #sp-wp-carousel-pro-id-106321.wpcp-carousel-section.sp-wpcp-106321 ul.slick-dots li button {\n\t\tbackground-color: #cccccc;\n\t}\n\t#wpcpro-wrapper #sp-wp-carousel-pro-id-106321.wpcp-carousel-section.sp-wpcp-106321 ul.slick-dots li.slick-active button {\n\t\tbackground-color: #ea611c;\n\t}\n\t#wpcpro-wrapper #sp-wp-carousel-pro-id-106321.wpcp-carousel-section.sp-wpcp-106321:not(.wpcp-product-carousel) .wpcp-single-item {\n\t\tborder: 1px solid #dddddd;\n\t\tpadding: 0px;\n\t}\n\n\t\t.wpcp-carousel-wrapper.wpcp-wrapper-106321{\n\t\t\tposition: relative;\n\t\t}\n\t\t#wpcp-preloader-106321{\n\t\t\tbackground: #fff;\n\t\t\tposition: absolute;\n\t\t\tleft: 0;\n\t\t\ttop: 0;\n\t\t\theight: 100%;\n\t\t\twidth: 100%;\n\t\t\ttext-align: center;\n\t\t\tdisplay: flex;\n\t\t\talign-items: center;\n\t\t\tjustify-content: center;\n\t\t\tz-index: 999;\n\t\t}\n\t\t\n\t\t@media screen and (max-width: 479px) {\n\t\t\t#wpcpro-wrapper #sp-wp-carousel-pro-id-106321.wpcp-carousel-section.sp-wpcp-106321.nav-top-left,\n\t\t\t#wpcpro-wrapper #sp-wp-carousel-pro-id-106321.wpcp-carousel-section.sp-wpcp-106321.nav-top-center,\n\t\t\t#wpcpro-wrapper #sp-wp-carousel-pro-id-106321.wpcp-carousel-section.sp-wpcp-106321.nav-top-right {\n\t\t\t\tpadding-top: 0;\n\t\t\t}\n\t\t\t#wpcpro-wrapper #sp-wp-carousel-pro-id-106321.wpcp-carousel-section.sp-wpcp-106321.nav-bottom-left,\n\t\t\t#wpcpro-wrapper #sp-wp-carousel-pro-id-106321.wpcp-carousel-section.sp-wpcp-106321.nav-bottom-center, \n\t\t\t#wpcpro-wrapper #sp-wp-carousel-pro-id-106321.wpcp-carousel-section.sp-wpcp-106321.nav-bottom-right{\n\t\t\t\tpadding-bottom: 0;\n\t\t\t}\n\t\t\t#wpcpro-wrapper #sp-wp-carousel-pro-id-106321.wpcp-carousel-section.nav-vertical-center {\n\t\t\t\tpadding: 0;\n\t\t\t}\n\t\t}\n\t\t\t#wpcpro-wrapper #sp-wp-carousel-pro-id-106321.wpcp-carousel-section.sp-wpcp-106321 .slick-list {\n\t\t\tmargin-right: -20px;\n\t\t}\n\t#wpcpro-wrapper #sp-wp-carousel-pro-id-106321.wpcp-carousel-section.sp-wpcp-106321 .slick-slide {\n\t\t\tmargin-right: 20px;\n\t\t}\n\t@media screen and (min-width: 981px) {\n\t\t#wpcpro-wrapper #sp-wp-carousel-pro-id-106321.wpcp-carousel-section.sp-wpcp-106321:not(.wpcp-content-carousel) .wpcp-single-item img { max-height:300px; }\n\t}\n\t@media screen and (min-width: 737px) and (max-width: 980px) {\n\t\t#wpcpro-wrapper #sp-wp-carousel-pro-id-106321.wpcp-carousel-section.sp-wpcp-106321:not(.wpcp-content-carousel) .wpcp-single-item img { max-height:300px; }\n\t}\n\t@media screen and (min-width: 481px) and (max-width: 736px) {\n\t\t#wpcpro-wrapper #sp-wp-carousel-pro-id-106321.wpcp-carousel-section.sp-wpcp-106321:not(.wpcp-content-carousel) .wpcp-single-item img { max-height:200px; }\n\t}\n\t@media screen and  (max-width: 480px) {\n\t\t#wpcpro-wrapper #sp-wp-carousel-pro-id-106321.wpcp-carousel-section.sp-wpcp-106321:not(.wpcp-content-carousel) .wpcp-single-item img { max-height:180px; }\n\t}\n\t#wpcpro-wrapper #sp-wp-carousel-pro-id-106321.sp-wpcp-106321 .wpcp-slide-image img,\n\t#wpcpro-wrapper #sp-wp-carousel-pro-id-106321.sp-wpcp-106321.wpcp-product-carousel .wpcp-slide-image a {\n\t\tborder-radius: 0px;\n\t}\n\t\t#wpcpro-wrapper #sp-wp-carousel-pro-id-106321.sp-wpcp-106321:not(.wpcp-product-carousel):not(.wpcp-content-carousel) .wpcp-single-item {\n\t\t\tbackground: #f9f9f9;\n\t\t}\n\t\t<\/style>\n<div id=\"wpcpro-wrapper\" class=\"wpcp-carousel-wrapper wpcp-wrapper-106321\"><div id=\"wpcp-preloader-106321\" class=\"wpcp-carousel-preloader\"><img decoding=\"async\" src=\" https:\/\/www.eastcham.fi\/wp-content\/plugins\/wp-carousel-pro\/public\/css\/bx_loader.gif \"\/><\/div><div id=\"sp-wp-carousel-pro-id-106321\" class=\"wpcp-carousel-section sp-wpcp-106321 wpcp-post-carousel wpcp-preloader nav-vertical-center wpcp-standard\" data-slick='{ \"accessibility\":true, \"centerMode\":false, \"centerPadding\": \"0px\", \"swipeToSlide\":false, \"adaptiveHeight\":false, \"arrows\":true, \"autoplay\":true, \"autoplaySpeed\":3000, \"dots\":true, \"infinite\":true, \"speed\":600, \"pauseOnHover\":true, \"slidesToScroll\":1, \"slidesToShow\":2, \"responsive\":[ { \"breakpoint\":1200, \"settings\": { \"slidesToShow\":2, \"slidesToScroll\":1, \"centerPadding\": \"0px\"} }, { \"breakpoint\":980, \"settings\":{ \"slidesToShow\":1, \"slidesToScroll\":1, \"centerPadding\": \"0px\" } }, { \"breakpoint\":736, \"settings\": { \"slidesToShow\":1, \"slidesToScroll\":1, \"centerPadding\": \"0px\" } }, {\"breakpoint\":480, \"settings\":{ \"slidesToShow\":1, \"slidesToScroll\":1, \"arrows\": false, \"dots\": true, \"centerPadding\": \"0px\" } } ], \"rows\":1, \"rtl\":false, \"variableWidth\":false, \"fade\":false, \"lazyLoad\": \"false\", \"swipe\": true, \"draggable\": true }' data-arrowtype=\"chevron\" dir=\"ltr\" dir=\"ltr\"><div class=\"wpcp-single-item\"><div class=\"wpcp-slide-image\"><a href=\"https:\/\/www.eastcham.fi\/en\/market-info\/ukraine\/\" target=\"_blank\"><img loading=\"lazy\" decoding=\"async\" class=\"wpcp-post-thumb\" src=\"https:\/\/www.eastcham.fi\/wp-content\/uploads\/2025\/02\/Kyiv_2.jpg\" alt=\"\" width=\"1920\" height=\"1080\"><\/a><\/div><div class=\"wpcp-all-captions\"><h2 class=\"wpcp-post-title\"><a href=\"https:\/\/www.eastcham.fi\/en\/market-info\/ukraine\/\" target=\"_blank\">Ukraine<\/a><\/h2><p>EastCham is preparing for Ukraine\u2019s reconstruction together with businesses. We support the Ukraine\u2019s vision to rebuild the country to be...<\/p><\/div><\/div><div class=\"wpcp-single-item\"><div class=\"wpcp-slide-image\"><a href=\"https:\/\/www.eastcham.fi\/en\/market-info\/kazakhstan\/\" target=\"_blank\"><img loading=\"lazy\" decoding=\"async\" class=\"wpcp-post-thumb\" src=\"https:\/\/www.eastcham.fi\/wp-content\/uploads\/2026\/02\/Logo-liila-tausta.jpg\" alt=\"\" width=\"2100\" height=\"1200\"><\/a><\/div><div class=\"wpcp-all-captions\"><h2 class=\"wpcp-post-title\"><a href=\"https:\/\/www.eastcham.fi\/en\/market-info\/kazakhstan\/\" target=\"_blank\">Kazakhstan<\/a><\/h2><p>Kazakhstan is one of the wealthiest and most economically developed countries in Central Asia. Since the 2000s, Kazakhstan&#8217;s economic growth...<\/p><\/div><\/div><div class=\"wpcp-single-item\"><div class=\"wpcp-slide-image\"><a href=\"https:\/\/www.eastcham.fi\/en\/market-info\/uzbekistan\/\" target=\"_blank\"><img loading=\"lazy\" decoding=\"async\" class=\"wpcp-post-thumb\" src=\"https:\/\/www.eastcham.fi\/wp-content\/uploads\/2026\/02\/Logo-liila-tausta.jpg\" alt=\"\" width=\"2100\" height=\"1200\"><\/a><\/div><div class=\"wpcp-all-captions\"><h2 class=\"wpcp-post-title\"><a href=\"https:\/\/www.eastcham.fi\/en\/market-info\/uzbekistan\/\" target=\"_blank\">Uzbekistan<\/a><\/h2><p>The young and growing population of Uzbekistan lays the foundation for future economic growth and demand. Since the reforms made...<\/p><\/div><\/div><\/div><\/div>\n<hr \/>\n<p>&nbsp;<\/p>\n","protected":false},"excerpt":{"rendered":"<p>Finland is known for its engineering expertise, high-quality education, and well-preserved nature. Finnish solutions have been tested in the harsh conditions of the North and proven to be durable around the world. As trade partners, the Finns are punctual and reliable. Contact our experts when you want to harness Finnish know-how in your project. Finnish&#8230;<\/p>\n","protected":false},"author":2617,"featured_media":114477,"parent":0,"menu_order":0,"comment_status":"closed","ping_status":"closed","template":"","meta":{"_acf_changed":true,"footnotes":""},"tags":[],"class_list":["post-80908","page","type-page","status-publish","has-post-thumbnail","hentry"],"acf":[],"yoast_head":"<!-- This site is optimized with the Yoast SEO plugin v27.4 - https:\/\/yoast.com\/product\/yoast-seo-wordpress\/ -->\n<title>Market Info - EastCham Finland ry<\/title>\n<meta name=\"robots\" content=\"index, follow, max-snippet:-1, max-image-preview:large, max-video-preview:-1\" \/>\n<link rel=\"canonical\" href=\"https:\/\/www.eastcham.fi\/en\/market-info\/\" \/>\n<meta property=\"og:locale\" content=\"en_US\" \/>\n<meta property=\"og:type\" content=\"article\" \/>\n<meta property=\"og:title\" content=\"Market Info - EastCham Finland ry\" \/>\n<meta property=\"og:description\" content=\"Finland is known for its engineering expertise, high-quality education, and well-preserved nature. Finnish solutions have been tested in the harsh conditions of the North and proven to be durable around the world. As trade partners, the Finns are punctual and reliable. Contact our experts when you want to harness Finnish know-how in your project. Finnish...\" \/>\n<meta property=\"og:url\" content=\"https:\/\/www.eastcham.fi\/en\/market-info\/\" \/>\n<meta property=\"og:site_name\" content=\"EastCham Finland ry\" \/>\n<meta property=\"article:publisher\" content=\"https:\/\/fi-fi.facebook.com\/svkkfrcc\/\" \/>\n<meta property=\"article:modified_time\" content=\"2026-02-09T06:28:24+00:00\" \/>\n<meta name=\"twitter:card\" content=\"summary_large_image\" \/>\n<meta name=\"twitter:site\" content=\"@SVKK_FRCC\" \/>\n<meta name=\"twitter:label1\" content=\"Est. reading time\" \/>\n\t<meta name=\"twitter:data1\" content=\"1 minute\" \/>\n<script type=\"application\/ld+json\" class=\"yoast-schema-graph\">{\"@context\":\"https:\\\/\\\/schema.org\",\"@graph\":[{\"@type\":\"WebPage\",\"@id\":\"https:\\\/\\\/www.eastcham.fi\\\/en\\\/market-info\\\/\",\"url\":\"https:\\\/\\\/www.eastcham.fi\\\/en\\\/market-info\\\/\",\"name\":\"Market Info - EastCham Finland ry\",\"isPartOf\":{\"@id\":\"https:\\\/\\\/www.eastcham.fi\\\/#website\"},\"primaryImageOfPage\":{\"@id\":\"https:\\\/\\\/www.eastcham.fi\\\/en\\\/market-info\\\/#primaryimage\"},\"image\":{\"@id\":\"https:\\\/\\\/www.eastcham.fi\\\/en\\\/market-info\\\/#primaryimage\"},\"thumbnailUrl\":\"https:\\\/\\\/www.eastcham.fi\\\/wp-content\\\/uploads\\\/2026\\\/02\\\/Logo-liila-tausta.jpg\",\"datePublished\":\"2022-12-02T08:45:58+00:00\",\"dateModified\":\"2026-02-09T06:28:24+00:00\",\"breadcrumb\":{\"@id\":\"https:\\\/\\\/www.eastcham.fi\\\/en\\\/market-info\\\/#breadcrumb\"},\"inLanguage\":\"en-US\",\"potentialAction\":[{\"@type\":\"ReadAction\",\"target\":[\"https:\\\/\\\/www.eastcham.fi\\\/en\\\/market-info\\\/\"]}]},{\"@type\":\"ImageObject\",\"inLanguage\":\"en-US\",\"@id\":\"https:\\\/\\\/www.eastcham.fi\\\/en\\\/market-info\\\/#primaryimage\",\"url\":\"https:\\\/\\\/www.eastcham.fi\\\/wp-content\\\/uploads\\\/2026\\\/02\\\/Logo-liila-tausta.jpg\",\"contentUrl\":\"https:\\\/\\\/www.eastcham.fi\\\/wp-content\\\/uploads\\\/2026\\\/02\\\/Logo-liila-tausta.jpg\",\"width\":2100,\"height\":1200},{\"@type\":\"BreadcrumbList\",\"@id\":\"https:\\\/\\\/www.eastcham.fi\\\/en\\\/market-info\\\/#breadcrumb\",\"itemListElement\":[{\"@type\":\"ListItem\",\"position\":1,\"name\":\"Home\",\"item\":\"https:\\\/\\\/www.eastcham.fi\\\/en\\\/\"},{\"@type\":\"ListItem\",\"position\":2,\"name\":\"Market Info\"}]},{\"@type\":\"WebSite\",\"@id\":\"https:\\\/\\\/www.eastcham.fi\\\/#website\",\"url\":\"https:\\\/\\\/www.eastcham.fi\\\/\",\"name\":\"EastCham Finland ry\",\"description\":\"EastCham Finland on kansainv\u00e4linen kauppakamari, joka osana Team Finland -verkostoa auttaa suomalaisia yrityksi\u00e4 kansainv\u00e4listym\u00e4\u00e4n. Seuraamme talouden kehityst\u00e4, neuvomme pakotteista ja tuemme suomalaisten yritysten liiketoimintaa Ukrainan, Keski-Aasian ja Etel\u00e4-Kaukasian markkinoilla. Valmistaudumme yhdess\u00e4 yritysten kanssa Ukrainan j\u00e4lleenrakentamiseen.\",\"potentialAction\":[{\"@type\":\"SearchAction\",\"target\":{\"@type\":\"EntryPoint\",\"urlTemplate\":\"https:\\\/\\\/www.eastcham.fi\\\/?s={search_term_string}\"},\"query-input\":{\"@type\":\"PropertyValueSpecification\",\"valueRequired\":true,\"valueName\":\"search_term_string\"}}],\"inLanguage\":\"en-US\"}]}<\/script>\n<!-- \/ Yoast SEO plugin. -->","yoast_head_json":{"title":"Market Info - EastCham Finland ry","robots":{"index":"index","follow":"follow","max-snippet":"max-snippet:-1","max-image-preview":"max-image-preview:large","max-video-preview":"max-video-preview:-1"},"canonical":"https:\/\/www.eastcham.fi\/en\/market-info\/","og_locale":"en_US","og_type":"article","og_title":"Market Info - EastCham Finland ry","og_description":"Finland is known for its engineering expertise, high-quality education, and well-preserved nature. Finnish solutions have been tested in the harsh conditions of the North and proven to be durable around the world. As trade partners, the Finns are punctual and reliable. Contact our experts when you want to harness Finnish know-how in your project. Finnish...","og_url":"https:\/\/www.eastcham.fi\/en\/market-info\/","og_site_name":"EastCham Finland ry","article_publisher":"https:\/\/fi-fi.facebook.com\/svkkfrcc\/","article_modified_time":"2026-02-09T06:28:24+00:00","twitter_card":"summary_large_image","twitter_site":"@SVKK_FRCC","twitter_misc":{"Est. reading time":"1 minute"},"schema":{"@context":"https:\/\/schema.org","@graph":[{"@type":"WebPage","@id":"https:\/\/www.eastcham.fi\/en\/market-info\/","url":"https:\/\/www.eastcham.fi\/en\/market-info\/","name":"Market Info - EastCham Finland ry","isPartOf":{"@id":"https:\/\/www.eastcham.fi\/#website"},"primaryImageOfPage":{"@id":"https:\/\/www.eastcham.fi\/en\/market-info\/#primaryimage"},"image":{"@id":"https:\/\/www.eastcham.fi\/en\/market-info\/#primaryimage"},"thumbnailUrl":"https:\/\/www.eastcham.fi\/wp-content\/uploads\/2026\/02\/Logo-liila-tausta.jpg","datePublished":"2022-12-02T08:45:58+00:00","dateModified":"2026-02-09T06:28:24+00:00","breadcrumb":{"@id":"https:\/\/www.eastcham.fi\/en\/market-info\/#breadcrumb"},"inLanguage":"en-US","potentialAction":[{"@type":"ReadAction","target":["https:\/\/www.eastcham.fi\/en\/market-info\/"]}]},{"@type":"ImageObject","inLanguage":"en-US","@id":"https:\/\/www.eastcham.fi\/en\/market-info\/#primaryimage","url":"https:\/\/www.eastcham.fi\/wp-content\/uploads\/2026\/02\/Logo-liila-tausta.jpg","contentUrl":"https:\/\/www.eastcham.fi\/wp-content\/uploads\/2026\/02\/Logo-liila-tausta.jpg","width":2100,"height":1200},{"@type":"BreadcrumbList","@id":"https:\/\/www.eastcham.fi\/en\/market-info\/#breadcrumb","itemListElement":[{"@type":"ListItem","position":1,"name":"Home","item":"https:\/\/www.eastcham.fi\/en\/"},{"@type":"ListItem","position":2,"name":"Market Info"}]},{"@type":"WebSite","@id":"https:\/\/www.eastcham.fi\/#website","url":"https:\/\/www.eastcham.fi\/","name":"EastCham Finland ry","description":"EastCham Finland on kansainv\u00e4linen kauppakamari, joka osana Team Finland -verkostoa auttaa suomalaisia yrityksi\u00e4 kansainv\u00e4listym\u00e4\u00e4n. Seuraamme talouden kehityst\u00e4, neuvomme pakotteista ja tuemme suomalaisten yritysten liiketoimintaa Ukrainan, Keski-Aasian ja Etel\u00e4-Kaukasian markkinoilla. Valmistaudumme yhdess\u00e4 yritysten kanssa Ukrainan j\u00e4lleenrakentamiseen.","potentialAction":[{"@type":"SearchAction","target":{"@type":"EntryPoint","urlTemplate":"https:\/\/www.eastcham.fi\/?s={search_term_string}"},"query-input":{"@type":"PropertyValueSpecification","valueRequired":true,"valueName":"search_term_string"}}],"inLanguage":"en-US"}]}},"_links":{"self":[{"href":"https:\/\/www.eastcham.fi\/en\/wp-json\/wp\/v2\/pages\/80908","targetHints":{"allow":["GET"]}}],"collection":[{"href":"https:\/\/www.eastcham.fi\/en\/wp-json\/wp\/v2\/pages"}],"about":[{"href":"https:\/\/www.eastcham.fi\/en\/wp-json\/wp\/v2\/types\/page"}],"author":[{"embeddable":true,"href":"https:\/\/www.eastcham.fi\/en\/wp-json\/wp\/v2\/users\/2617"}],"replies":[{"embeddable":true,"href":"https:\/\/www.eastcham.fi\/en\/wp-json\/wp\/v2\/comments?post=80908"}],"version-history":[{"count":20,"href":"https:\/\/www.eastcham.fi\/en\/wp-json\/wp\/v2\/pages\/80908\/revisions"}],"predecessor-version":[{"id":114043,"href":"https:\/\/www.eastcham.fi\/en\/wp-json\/wp\/v2\/pages\/80908\/revisions\/114043"}],"wp:featuredmedia":[{"embeddable":true,"href":"https:\/\/www.eastcham.fi\/en\/wp-json\/wp\/v2\/media\/114477"}],"wp:attachment":[{"href":"https:\/\/www.eastcham.fi\/en\/wp-json\/wp\/v2\/media?parent=80908"}],"wp:term":[{"taxonomy":"post_tag","embeddable":true,"href":"https:\/\/www.eastcham.fi\/en\/wp-json\/wp\/v2\/tags?post=80908"}],"curies":[{"name":"wp","href":"https:\/\/api.w.org\/{rel}","templated":true}]}}