{"id":81108,"date":"2022-12-14T14:35:43","date_gmt":"2022-12-14T12:35:43","guid":{"rendered":"https:\/\/www.eastcham.fi\/?page_id=81108"},"modified":"2023-08-04T13:11:45","modified_gmt":"2023-08-04T10:11:45","slug":"invoicing","status":"publish","type":"page","link":"https:\/\/www.eastcham.fi\/en\/contacts\/invoicing\/","title":{"rendered":"Invoicing"},"content":{"rendered":"<p><strong>EastCham Finland kauppakamariyhdistys ry<br \/>\n<\/strong>Business ID: 0215271-0<\/p>\n<p>E-addresss: 003702152710<br \/>\nService ID: BasWare, BAWCFI22<\/p>\n<p>In case you cannot send e-invoices:<\/p>\n<p>EastCham Finland kauppakamariyhdistys ry<strong><br \/>\n<\/strong>00064 ADMINISTER<\/p>\n<p>OR\u00a0 email:<\/p>\n<p>laskut@administer.fi<\/p>\n","protected":false},"excerpt":{"rendered":"<p>EastCham Finland kauppakamariyhdistys ry Business ID: 0215271-0 E-addresss: 003702152710 Service ID: BasWare, BAWCFI22 In case you cannot send e-invoices: EastCham Finland kauppakamariyhdistys ry 00064 ADMINISTER OR\u00a0 email: laskut@administer.fi<\/p>\n","protected":false},"author":2617,"featured_media":0,"parent":80239,"menu_order":0,"comment_status":"closed","ping_status":"closed","template":"","meta":{"_acf_changed":false,"footnotes":""},"tags":[],"class_list":["post-81108","page","type-page","status-publish","hentry"],"acf":[],"yoast_head":"<!-- This site is optimized with the Yoast SEO plugin v27.4 - https:\/\/yoast.com\/product\/yoast-seo-wordpress\/ -->\n<title>Invoicing - EastCham Finland ry<\/title>\n<meta name=\"robots\" content=\"index, follow, max-snippet:-1, max-image-preview:large, max-video-preview:-1\" \/>\n<link rel=\"canonical\" href=\"https:\/\/www.eastcham.fi\/en\/contacts\/invoicing\/\" \/>\n<meta property=\"og:locale\" content=\"en_US\" \/>\n<meta property=\"og:type\" content=\"article\" \/>\n<meta property=\"og:title\" content=\"Invoicing - EastCham Finland ry\" \/>\n<meta property=\"og:description\" content=\"EastCham Finland kauppakamariyhdistys ry Business ID: 0215271-0 E-addresss: 003702152710 Service ID: BasWare, BAWCFI22 In case you cannot send e-invoices: EastCham Finland kauppakamariyhdistys ry 00064 ADMINISTER OR\u00a0 email: laskut@administer.fi\" \/>\n<meta property=\"og:url\" content=\"https:\/\/www.eastcham.fi\/en\/contacts\/invoicing\/\" \/>\n<meta property=\"og:site_name\" content=\"EastCham Finland ry\" \/>\n<meta property=\"article:publisher\" content=\"https:\/\/fi-fi.facebook.com\/svkkfrcc\/\" \/>\n<meta property=\"article:modified_time\" content=\"2023-08-04T10:11:45+00:00\" \/>\n<meta name=\"twitter:card\" content=\"summary_large_image\" \/>\n<meta name=\"twitter:site\" content=\"@SVKK_FRCC\" \/>\n<meta name=\"twitter:label1\" content=\"Est. reading time\" \/>\n\t<meta name=\"twitter:data1\" content=\"1 minute\" \/>\n<script type=\"application\/ld+json\" class=\"yoast-schema-graph\">{\"@context\":\"https:\\\/\\\/schema.org\",\"@graph\":[{\"@type\":\"WebPage\",\"@id\":\"https:\\\/\\\/www.eastcham.fi\\\/en\\\/contacts\\\/invoicing\\\/\",\"url\":\"https:\\\/\\\/www.eastcham.fi\\\/en\\\/contacts\\\/invoicing\\\/\",\"name\":\"Invoicing - EastCham Finland ry\",\"isPartOf\":{\"@id\":\"https:\\\/\\\/www.eastcham.fi\\\/#website\"},\"datePublished\":\"2022-12-14T12:35:43+00:00\",\"dateModified\":\"2023-08-04T10:11:45+00:00\",\"breadcrumb\":{\"@id\":\"https:\\\/\\\/www.eastcham.fi\\\/en\\\/contacts\\\/invoicing\\\/#breadcrumb\"},\"inLanguage\":\"en-US\",\"potentialAction\":[{\"@type\":\"ReadAction\",\"target\":[\"https:\\\/\\\/www.eastcham.fi\\\/en\\\/contacts\\\/invoicing\\\/\"]}]},{\"@type\":\"BreadcrumbList\",\"@id\":\"https:\\\/\\\/www.eastcham.fi\\\/en\\\/contacts\\\/invoicing\\\/#breadcrumb\",\"itemListElement\":[{\"@type\":\"ListItem\",\"position\":1,\"name\":\"Home\",\"item\":\"https:\\\/\\\/www.eastcham.fi\\\/en\\\/\"},{\"@type\":\"ListItem\",\"position\":2,\"name\":\"Contact\",\"item\":\"https:\\\/\\\/www.eastcham.fi\\\/en\\\/contacts\\\/\"},{\"@type\":\"ListItem\",\"position\":3,\"name\":\"Invoicing\"}]},{\"@type\":\"WebSite\",\"@id\":\"https:\\\/\\\/www.eastcham.fi\\\/#website\",\"url\":\"https:\\\/\\\/www.eastcham.fi\\\/\",\"name\":\"EastCham Finland ry\",\"description\":\"EastCham Finland on kansainv\u00e4linen kauppakamari, joka osana Team Finland -verkostoa auttaa suomalaisia yrityksi\u00e4 kansainv\u00e4listym\u00e4\u00e4n. Seuraamme talouden kehityst\u00e4, neuvomme pakotteista ja tuemme suomalaisten yritysten liiketoimintaa Ukrainan, Keski-Aasian ja Etel\u00e4-Kaukasian markkinoilla. Valmistaudumme yhdess\u00e4 yritysten kanssa Ukrainan j\u00e4lleenrakentamiseen.\",\"potentialAction\":[{\"@type\":\"SearchAction\",\"target\":{\"@type\":\"EntryPoint\",\"urlTemplate\":\"https:\\\/\\\/www.eastcham.fi\\\/?s={search_term_string}\"},\"query-input\":{\"@type\":\"PropertyValueSpecification\",\"valueRequired\":true,\"valueName\":\"search_term_string\"}}],\"inLanguage\":\"en-US\"}]}<\/script>\n<!-- \/ Yoast SEO plugin. -->","yoast_head_json":{"title":"Invoicing - EastCham Finland ry","robots":{"index":"index","follow":"follow","max-snippet":"max-snippet:-1","max-image-preview":"max-image-preview:large","max-video-preview":"max-video-preview:-1"},"canonical":"https:\/\/www.eastcham.fi\/en\/contacts\/invoicing\/","og_locale":"en_US","og_type":"article","og_title":"Invoicing - EastCham Finland ry","og_description":"EastCham Finland kauppakamariyhdistys ry Business ID: 0215271-0 E-addresss: 003702152710 Service ID: BasWare, BAWCFI22 In case you cannot send e-invoices: EastCham Finland kauppakamariyhdistys ry 00064 ADMINISTER OR\u00a0 email: laskut@administer.fi","og_url":"https:\/\/www.eastcham.fi\/en\/contacts\/invoicing\/","og_site_name":"EastCham Finland ry","article_publisher":"https:\/\/fi-fi.facebook.com\/svkkfrcc\/","article_modified_time":"2023-08-04T10:11:45+00:00","twitter_card":"summary_large_image","twitter_site":"@SVKK_FRCC","twitter_misc":{"Est. reading time":"1 minute"},"schema":{"@context":"https:\/\/schema.org","@graph":[{"@type":"WebPage","@id":"https:\/\/www.eastcham.fi\/en\/contacts\/invoicing\/","url":"https:\/\/www.eastcham.fi\/en\/contacts\/invoicing\/","name":"Invoicing - EastCham Finland ry","isPartOf":{"@id":"https:\/\/www.eastcham.fi\/#website"},"datePublished":"2022-12-14T12:35:43+00:00","dateModified":"2023-08-04T10:11:45+00:00","breadcrumb":{"@id":"https:\/\/www.eastcham.fi\/en\/contacts\/invoicing\/#breadcrumb"},"inLanguage":"en-US","potentialAction":[{"@type":"ReadAction","target":["https:\/\/www.eastcham.fi\/en\/contacts\/invoicing\/"]}]},{"@type":"BreadcrumbList","@id":"https:\/\/www.eastcham.fi\/en\/contacts\/invoicing\/#breadcrumb","itemListElement":[{"@type":"ListItem","position":1,"name":"Home","item":"https:\/\/www.eastcham.fi\/en\/"},{"@type":"ListItem","position":2,"name":"Contact","item":"https:\/\/www.eastcham.fi\/en\/contacts\/"},{"@type":"ListItem","position":3,"name":"Invoicing"}]},{"@type":"WebSite","@id":"https:\/\/www.eastcham.fi\/#website","url":"https:\/\/www.eastcham.fi\/","name":"EastCham Finland ry","description":"EastCham Finland on kansainv\u00e4linen kauppakamari, joka osana Team Finland -verkostoa auttaa suomalaisia yrityksi\u00e4 kansainv\u00e4listym\u00e4\u00e4n. Seuraamme talouden kehityst\u00e4, neuvomme pakotteista ja tuemme suomalaisten yritysten liiketoimintaa Ukrainan, Keski-Aasian ja Etel\u00e4-Kaukasian markkinoilla. Valmistaudumme yhdess\u00e4 yritysten kanssa Ukrainan j\u00e4lleenrakentamiseen.","potentialAction":[{"@type":"SearchAction","target":{"@type":"EntryPoint","urlTemplate":"https:\/\/www.eastcham.fi\/?s={search_term_string}"},"query-input":{"@type":"PropertyValueSpecification","valueRequired":true,"valueName":"search_term_string"}}],"inLanguage":"en-US"}]}},"_links":{"self":[{"href":"https:\/\/www.eastcham.fi\/en\/wp-json\/wp\/v2\/pages\/81108","targetHints":{"allow":["GET"]}}],"collection":[{"href":"https:\/\/www.eastcham.fi\/en\/wp-json\/wp\/v2\/pages"}],"about":[{"href":"https:\/\/www.eastcham.fi\/en\/wp-json\/wp\/v2\/types\/page"}],"author":[{"embeddable":true,"href":"https:\/\/www.eastcham.fi\/en\/wp-json\/wp\/v2\/users\/2617"}],"replies":[{"embeddable":true,"href":"https:\/\/www.eastcham.fi\/en\/wp-json\/wp\/v2\/comments?post=81108"}],"version-history":[{"count":2,"href":"https:\/\/www.eastcham.fi\/en\/wp-json\/wp\/v2\/pages\/81108\/revisions"}],"predecessor-version":[{"id":93971,"href":"https:\/\/www.eastcham.fi\/en\/wp-json\/wp\/v2\/pages\/81108\/revisions\/93971"}],"up":[{"embeddable":true,"href":"https:\/\/www.eastcham.fi\/en\/wp-json\/wp\/v2\/pages\/80239"}],"wp:attachment":[{"href":"https:\/\/www.eastcham.fi\/en\/wp-json\/wp\/v2\/media?parent=81108"}],"wp:term":[{"taxonomy":"post_tag","embeddable":true,"href":"https:\/\/www.eastcham.fi\/en\/wp-json\/wp\/v2\/tags?post=81108"}],"curies":[{"name":"wp","href":"https:\/\/api.w.org\/{rel}","templated":true}]}}