{"id":91191,"date":"2023-03-27T15:17:47","date_gmt":"2023-03-27T12:17:47","guid":{"rendered":"https:\/\/www.eastcham.fi\/?page_id=91191"},"modified":"2026-04-02T20:46:36","modified_gmt":"2026-04-02T17:46:36","slug":"open-vacancies","status":"publish","type":"page","link":"https:\/\/www.eastcham.fi\/en\/eastcham\/open-vacancies\/","title":{"rendered":"Open vacancies"},"content":{"rendered":"<h2 class=\"news-title\">EastCham Finland is hiring a Senior Market Analyst to our Kyiv Office<\/h2>\n<div class=\"news-text\">\n<p><b><span data-contrast=\"auto\">EastCham Finland<\/span><\/b><span data-contrast=\"auto\">\u202fis an international chamber of commerce supporting Finnish companies entering the Ukrainian market and participating in Ukraine\u2019s reconstruction.\u00a0<\/span><span data-contrast=\"auto\">EastCham Finland has a shared office in Kyiv together with the\u202f<\/span><b><span data-contrast=\"auto\">Confederation of Finnish Industries (EK)<\/span><\/b><span data-contrast=\"auto\">\u00a0since 2024.\u00a0<\/span><\/p>\n<p>The Senior Market Analyst will serve as a team member of the Pro Ukraine project, which aims to assist 200 Finnish companies in participating in the rebuilding of Ukraine.<\/p>\n<p><span data-contrast=\"auto\">If you have experience working with international companies and conducting market studies, we invite you to apply and contribute to meaningful work that supports Ukraine\u2019s reconstruction and economic development.<\/span><span data-ccp-props=\"{}\">\u00a0<\/span><\/p>\n<p><span data-contrast=\"auto\">\ud83d\udd0d<\/span><span data-contrast=\"auto\">\u00a0Key\u00a0Responsibilities:<\/span><span data-ccp-props=\"{}\">\u00a0<\/span><\/p>\n<ul>\n<li><span data-contrast=\"auto\">Conduct comprehensive market assessments across diverse sectors<\/span><span data-ccp-props=\"{}\">\u00a0<\/span><\/li>\n<li><span data-contrast=\"auto\">Identify,\u00a0evaluate\u00a0and contact\u00a0potential business partners and opportunities<\/span><span data-ccp-props=\"{}\">\u00a0<\/span><\/li>\n<li><span data-contrast=\"auto\">Arrange and\u00a0participate\u00a0in\u00a0meetings of Ukrainian and Finnish business partners<\/span><span data-ccp-props=\"{}\">\u00a0<\/span><\/li>\n<li><span data-contrast=\"auto\">Support and assess\u00a0reconstruction projects\u00a0across Ukraine<\/span><span data-ccp-props=\"{}\">\u00a0<\/span><\/li>\n<li><span data-contrast=\"auto\">Collect,\u00a0analyze, and synthesize data into clear, actionable reports<\/span><span data-ccp-props=\"{}\">\u00a0<\/span><\/li>\n<li><span data-contrast=\"auto\">Collaborate closely with international teams and stakeholders<\/span><span data-ccp-props=\"{}\">\u00a0<\/span><\/li>\n<\/ul>\n<p><span data-contrast=\"auto\">\u2705<\/span><span data-contrast=\"auto\">\u00a0Requirements:<\/span><span data-ccp-props=\"{}\">\u00a0<\/span><\/p>\n<ul>\n<li><span data-contrast=\"auto\">Relevant university degree (e.g., economics, business, technology)<\/span><span data-ccp-props=\"{}\">\u00a0<\/span><\/li>\n<li><span data-contrast=\"auto\">Proven experience in similar roles (market research, business consulting, project evaluation)<\/span><span data-ccp-props=\"{}\">\u00a0<\/span><\/li>\n<li><span data-contrast=\"auto\">Strong industry knowledge and understanding of business ecosystems<\/span><span data-ccp-props=\"{}\">\u00a0<\/span><\/li>\n<li><span data-contrast=\"auto\">Excellent skills in data collection, analysis, and reporting<\/span><span data-ccp-props=\"{}\">\u00a0<\/span><\/li>\n<li><span data-contrast=\"auto\">Fluency in English and Ukrainian (spoken and written)<\/span><span data-ccp-props=\"{}\">\u00a0<\/span><\/li>\n<li><span data-contrast=\"auto\">Strong\u00a0teamwork\u00a0and\u00a0communication\u00a0skills<\/span><span data-ccp-props=\"{}\">\u00a0<\/span><\/li>\n<li><span data-contrast=\"auto\">Presence\u00a0in\u00a0Kyiv,\u00a0Ukraine<\/span><span data-ccp-props=\"{}\">\u00a0<\/span><\/li>\n<\/ul>\n<p><span data-contrast=\"auto\">\ud83d\udca1<\/span><span data-contrast=\"auto\">\u00a0What\u00a0We\u00a0Offer:<\/span><span data-ccp-props=\"{}\">\u00a0<\/span><\/p>\n<ul>\n<li><span data-contrast=\"auto\">Meaningful and impactful work contributing to Ukraine\u2019s reconstruction<\/span><span data-ccp-props=\"{&quot;201341983&quot;:2,&quot;335559740&quot;:300}\">\u00a0<\/span><\/li>\n<li><span data-contrast=\"auto\">Full-time role in our Kyiv office with flexible working arrangements<\/span><span data-ccp-props=\"{}\">\u00a0<\/span><\/li>\n<li><span data-contrast=\"auto\">Supportive, multicultural team rooted in\u00a0modern\u00a0Finnish work culture<\/span><span data-ccp-props=\"{}\">\u00a0<\/span><\/li>\n<li><span data-contrast=\"auto\">Professional growth and continuous development opportunities<\/span><span data-ccp-props=\"{}\">\u00a0<\/span><\/li>\n<li><span data-contrast=\"auto\">Competitive compensation aligned with experience and skills<\/span><span data-ccp-props=\"{}\">\u00a0<\/span><\/li>\n<\/ul>\n<p><span data-contrast=\"auto\">\ud83d\udce9<\/span><span data-contrast=\"auto\">\u00a0How to Apply:<\/span><span data-ccp-props=\"{}\">\u00a0<\/span><\/p>\n<p><span data-contrast=\"auto\">Please send your CV and a short motivation letter with salary expectations by\u00a0<\/span><b><span data-contrast=\"auto\">24.04.2026 <\/span><\/b><b><span data-contrast=\"auto\">\u202f<\/span><\/b><span data-contrast=\"auto\">in English to:\u202f<\/span><a href=\"mailto:henri.riihimaki@eastcham.fi\"><span data-contrast=\"none\">henri.riihimaki@eastcham.fi<\/span><\/a> <span data-ccp-props=\"{}\">\u00a0<\/span><\/p>\n<p><b><i><span data-contrast=\"auto\">EastCham Finland<\/span><\/i><\/b><span data-ccp-props=\"{}\">\u00a0<\/span><\/p>\n<p><i><span data-contrast=\"auto\">EastCham Finland is an international chamber of commerce that supports the growth and competitiveness of Finnish companies in rapidly developing markets. <\/span><\/i><i><span data-contrast=\"auto\">As part of the Team Finland network, we provide up-to-date market information, advice on market entry and sanctions, and help companies build business in Ukraine, Central\u00a0Asia\u00a0and the South Caucasus.<\/span><\/i><span data-ccp-props=\"{}\">\u00a0<\/span><\/p>\n<p><i><span data-contrast=\"auto\">Our offices\u00a0are located in\u00a0Helsinki Finland,\u00a0Kyiv in Ukraine, and Almaty in Kazakhstan.<\/span><\/i><span data-ccp-props=\"{}\">\u00a0<\/span><\/p>\n<p><b><i><span data-contrast=\"auto\">Confederation of Finnish Industries<\/span><\/i><\/b><span data-ccp-props=\"{}\">\u00a0<\/span><\/p>\n<p><i><span data-contrast=\"auto\">Confederation of Finnish Industries (EK) is the leading business organization in Finland. Our main task is to make Finland an internationally attractive and competitive business environment. Successful business activities are the foundation for the Finnish welfare society.<\/span><\/i><span data-ccp-props=\"{}\">\u00a0<\/span><\/p>\n<\/div>\n<pre id=\"tw-target-text\" class=\"tw-data-text tw-text-large tw-ta\" dir=\"ltr\" data-placeholder=\"K\u00e4\u00e4nn\u00f6s\" data-ved=\"2ahUKEwivz6admfODAxXAFRAIHZ4DCtwQ3ewLegQIDRAQ\"><\/pre>\n<pre id=\"tw-target-text\" class=\"tw-data-text tw-text-large tw-ta\" dir=\"ltr\" data-placeholder=\"K\u00e4\u00e4nn\u00f6s\"><\/pre>\n","protected":false},"excerpt":{"rendered":"<p>EastCham Finland is hiring a Senior Market Analyst to our Kyiv Office EastCham Finland\u202fis an international chamber of commerce supporting Finnish companies entering the Ukrainian market and participating in Ukraine\u2019s reconstruction.\u00a0EastCham Finland has a shared office in Kyiv together with the\u202fConfederation of Finnish Industries (EK)\u00a0since 2024.\u00a0 The Senior Market Analyst will serve as a team&#8230;<\/p>\n","protected":false},"author":10793,"featured_media":0,"parent":80236,"menu_order":0,"comment_status":"closed","ping_status":"closed","template":"","meta":{"_acf_changed":false,"footnotes":""},"tags":[],"class_list":["post-91191","page","type-page","status-publish","hentry"],"acf":[],"yoast_head":"<!-- This site is optimized with the Yoast SEO plugin v27.5 - https:\/\/yoast.com\/product\/yoast-seo-wordpress\/ -->\n<title>Open vacancies - EastCham Finland ry<\/title>\n<meta name=\"robots\" content=\"index, follow, max-snippet:-1, max-image-preview:large, max-video-preview:-1\" \/>\n<link rel=\"canonical\" href=\"https:\/\/www.eastcham.fi\/en\/eastcham\/open-vacancies\/\" \/>\n<meta property=\"og:locale\" content=\"en_US\" \/>\n<meta property=\"og:type\" content=\"article\" \/>\n<meta property=\"og:title\" content=\"Open vacancies - EastCham Finland ry\" \/>\n<meta property=\"og:description\" content=\"EastCham Finland is hiring a Senior Market Analyst to our Kyiv Office EastCham Finland\u202fis an international chamber of commerce supporting Finnish companies entering the Ukrainian market and participating in Ukraine\u2019s reconstruction.\u00a0EastCham Finland has a shared office in Kyiv together with the\u202fConfederation of Finnish Industries (EK)\u00a0since 2024.\u00a0 The Senior Market Analyst will serve as a team...\" \/>\n<meta property=\"og:url\" content=\"https:\/\/www.eastcham.fi\/en\/eastcham\/open-vacancies\/\" \/>\n<meta property=\"og:site_name\" content=\"EastCham Finland ry\" \/>\n<meta property=\"article:publisher\" content=\"https:\/\/fi-fi.facebook.com\/svkkfrcc\/\" \/>\n<meta property=\"article:modified_time\" content=\"2026-04-02T17:46:36+00:00\" \/>\n<meta name=\"twitter:card\" content=\"summary_large_image\" \/>\n<meta name=\"twitter:site\" content=\"@SVKK_FRCC\" \/>\n<meta name=\"twitter:label1\" content=\"Est. reading time\" \/>\n\t<meta name=\"twitter:data1\" content=\"3 minutes\" \/>\n<script type=\"application\/ld+json\" class=\"yoast-schema-graph\">{\"@context\":\"https:\\\/\\\/schema.org\",\"@graph\":[{\"@type\":\"WebPage\",\"@id\":\"https:\\\/\\\/www.eastcham.fi\\\/en\\\/eastcham\\\/open-vacancies\\\/\",\"url\":\"https:\\\/\\\/www.eastcham.fi\\\/en\\\/eastcham\\\/open-vacancies\\\/\",\"name\":\"Open vacancies - EastCham Finland ry\",\"isPartOf\":{\"@id\":\"https:\\\/\\\/www.eastcham.fi\\\/#website\"},\"datePublished\":\"2023-03-27T12:17:47+00:00\",\"dateModified\":\"2026-04-02T17:46:36+00:00\",\"breadcrumb\":{\"@id\":\"https:\\\/\\\/www.eastcham.fi\\\/en\\\/eastcham\\\/open-vacancies\\\/#breadcrumb\"},\"inLanguage\":\"en-US\",\"potentialAction\":[{\"@type\":\"ReadAction\",\"target\":[\"https:\\\/\\\/www.eastcham.fi\\\/en\\\/eastcham\\\/open-vacancies\\\/\"]}]},{\"@type\":\"BreadcrumbList\",\"@id\":\"https:\\\/\\\/www.eastcham.fi\\\/en\\\/eastcham\\\/open-vacancies\\\/#breadcrumb\",\"itemListElement\":[{\"@type\":\"ListItem\",\"position\":1,\"name\":\"Home\",\"item\":\"https:\\\/\\\/www.eastcham.fi\\\/en\\\/\"},{\"@type\":\"ListItem\",\"position\":2,\"name\":\"EastCham Finland\",\"item\":\"https:\\\/\\\/www.eastcham.fi\\\/en\\\/eastcham\\\/\"},{\"@type\":\"ListItem\",\"position\":3,\"name\":\"Open vacancies\"}]},{\"@type\":\"WebSite\",\"@id\":\"https:\\\/\\\/www.eastcham.fi\\\/#website\",\"url\":\"https:\\\/\\\/www.eastcham.fi\\\/\",\"name\":\"EastCham Finland ry\",\"description\":\"EastCham Finland on kansainv\u00e4linen kauppakamari, joka osana Team Finland -verkostoa auttaa suomalaisia yrityksi\u00e4 kansainv\u00e4listym\u00e4\u00e4n. Seuraamme talouden kehityst\u00e4, neuvomme pakotteista ja tuemme suomalaisten yritysten liiketoimintaa Ukrainan, Keski-Aasian ja Etel\u00e4-Kaukasian markkinoilla. Valmistaudumme yhdess\u00e4 yritysten kanssa Ukrainan j\u00e4lleenrakentamiseen.\",\"potentialAction\":[{\"@type\":\"SearchAction\",\"target\":{\"@type\":\"EntryPoint\",\"urlTemplate\":\"https:\\\/\\\/www.eastcham.fi\\\/?s={search_term_string}\"},\"query-input\":{\"@type\":\"PropertyValueSpecification\",\"valueRequired\":true,\"valueName\":\"search_term_string\"}}],\"inLanguage\":\"en-US\"}]}<\/script>\n<!-- \/ Yoast SEO plugin. -->","yoast_head_json":{"title":"Open vacancies - EastCham Finland ry","robots":{"index":"index","follow":"follow","max-snippet":"max-snippet:-1","max-image-preview":"max-image-preview:large","max-video-preview":"max-video-preview:-1"},"canonical":"https:\/\/www.eastcham.fi\/en\/eastcham\/open-vacancies\/","og_locale":"en_US","og_type":"article","og_title":"Open vacancies - EastCham Finland ry","og_description":"EastCham Finland is hiring a Senior Market Analyst to our Kyiv Office EastCham Finland\u202fis an international chamber of commerce supporting Finnish companies entering the Ukrainian market and participating in Ukraine\u2019s reconstruction.\u00a0EastCham Finland has a shared office in Kyiv together with the\u202fConfederation of Finnish Industries (EK)\u00a0since 2024.\u00a0 The Senior Market Analyst will serve as a team...","og_url":"https:\/\/www.eastcham.fi\/en\/eastcham\/open-vacancies\/","og_site_name":"EastCham Finland ry","article_publisher":"https:\/\/fi-fi.facebook.com\/svkkfrcc\/","article_modified_time":"2026-04-02T17:46:36+00:00","twitter_card":"summary_large_image","twitter_site":"@SVKK_FRCC","twitter_misc":{"Est. reading time":"3 minutes"},"schema":{"@context":"https:\/\/schema.org","@graph":[{"@type":"WebPage","@id":"https:\/\/www.eastcham.fi\/en\/eastcham\/open-vacancies\/","url":"https:\/\/www.eastcham.fi\/en\/eastcham\/open-vacancies\/","name":"Open vacancies - EastCham Finland ry","isPartOf":{"@id":"https:\/\/www.eastcham.fi\/#website"},"datePublished":"2023-03-27T12:17:47+00:00","dateModified":"2026-04-02T17:46:36+00:00","breadcrumb":{"@id":"https:\/\/www.eastcham.fi\/en\/eastcham\/open-vacancies\/#breadcrumb"},"inLanguage":"en-US","potentialAction":[{"@type":"ReadAction","target":["https:\/\/www.eastcham.fi\/en\/eastcham\/open-vacancies\/"]}]},{"@type":"BreadcrumbList","@id":"https:\/\/www.eastcham.fi\/en\/eastcham\/open-vacancies\/#breadcrumb","itemListElement":[{"@type":"ListItem","position":1,"name":"Home","item":"https:\/\/www.eastcham.fi\/en\/"},{"@type":"ListItem","position":2,"name":"EastCham Finland","item":"https:\/\/www.eastcham.fi\/en\/eastcham\/"},{"@type":"ListItem","position":3,"name":"Open vacancies"}]},{"@type":"WebSite","@id":"https:\/\/www.eastcham.fi\/#website","url":"https:\/\/www.eastcham.fi\/","name":"EastCham Finland ry","description":"EastCham Finland on kansainv\u00e4linen kauppakamari, joka osana Team Finland -verkostoa auttaa suomalaisia yrityksi\u00e4 kansainv\u00e4listym\u00e4\u00e4n. Seuraamme talouden kehityst\u00e4, neuvomme pakotteista ja tuemme suomalaisten yritysten liiketoimintaa Ukrainan, Keski-Aasian ja Etel\u00e4-Kaukasian markkinoilla. Valmistaudumme yhdess\u00e4 yritysten kanssa Ukrainan j\u00e4lleenrakentamiseen.","potentialAction":[{"@type":"SearchAction","target":{"@type":"EntryPoint","urlTemplate":"https:\/\/www.eastcham.fi\/?s={search_term_string}"},"query-input":{"@type":"PropertyValueSpecification","valueRequired":true,"valueName":"search_term_string"}}],"inLanguage":"en-US"}]}},"_links":{"self":[{"href":"https:\/\/www.eastcham.fi\/en\/wp-json\/wp\/v2\/pages\/91191","targetHints":{"allow":["GET"]}}],"collection":[{"href":"https:\/\/www.eastcham.fi\/en\/wp-json\/wp\/v2\/pages"}],"about":[{"href":"https:\/\/www.eastcham.fi\/en\/wp-json\/wp\/v2\/types\/page"}],"author":[{"embeddable":true,"href":"https:\/\/www.eastcham.fi\/en\/wp-json\/wp\/v2\/users\/10793"}],"replies":[{"embeddable":true,"href":"https:\/\/www.eastcham.fi\/en\/wp-json\/wp\/v2\/comments?post=91191"}],"version-history":[{"count":17,"href":"https:\/\/www.eastcham.fi\/en\/wp-json\/wp\/v2\/pages\/91191\/revisions"}],"predecessor-version":[{"id":115430,"href":"https:\/\/www.eastcham.fi\/en\/wp-json\/wp\/v2\/pages\/91191\/revisions\/115430"}],"up":[{"embeddable":true,"href":"https:\/\/www.eastcham.fi\/en\/wp-json\/wp\/v2\/pages\/80236"}],"wp:attachment":[{"href":"https:\/\/www.eastcham.fi\/en\/wp-json\/wp\/v2\/media?parent=91191"}],"wp:term":[{"taxonomy":"post_tag","embeddable":true,"href":"https:\/\/www.eastcham.fi\/en\/wp-json\/wp\/v2\/tags?post=91191"}],"curies":[{"name":"wp","href":"https:\/\/api.w.org\/{rel}","templated":true}]}}