{"id":95564,"date":"2017-01-18T12:06:37","date_gmt":"2017-01-18T10:06:37","guid":{"rendered":"https:\/\/www.eastcham.fi\/membership\/jasenemme\/"},"modified":"2025-10-06T14:40:29","modified_gmt":"2025-10-06T11:40:29","slug":"jasenemme","status":"publish","type":"page","link":"https:\/\/www.eastcham.fi\/en\/membership\/jasenemme\/","title":{"rendered":"Our members"},"content":{"rendered":"<p class=\"big-text\">In the EastCham member network, there are both small and medium-sized enterprises (SMEs) as well as large corporations. On this page, you can search for chamber of commerce members by the first letter of their name or by industry (Finnish TOL2008 classification).<\/p>\n<p>Choose your desired initial letter and\/or industry category, and click &#8220;Search.&#8221; The member directory is accessible only to EastCham members. Please log in with your own credentials.<\/p>\n    <div class=\"news-detail-block plain\">\n        <div class=\"login-box\">\n            <form action=\"https:\/\/www.eastcham.fi\/en\/wp-login.php\" method=\"post\" name=\"loginform\">\n                <fieldset>\n                    <legend>Login Form<\/legend>\n                    <div class=\"field-wrap\">\n                        <div class=\"form-group\">\n                            <input type=\"text\" placeholder=\"E-mail address\" name=\"log\" title=\"email\">\n                        <\/div>\n                        <div class=\"form-group\">\n                            <input type=\"password\" placeholder=\"Password\" name=\"pwd\" title=\"password\">\n                        <\/div>\n                        <div class=\"btn-wrap\">\n                            <button type=\"submit\" class=\"btn-blue small btn-login test\" name=\"wp-submit\">Login<\/button>\n                            <input type=\"hidden\" name=\"redirect_to\" value=\"https:\/\/www.eastcham.fi\/en\/membership\/jasenemme\/\">\n                            <div class=\"link-wrap\">\n\t                                                                <a href=\"https:\/\/www.eastcham.fi\/en\/wp-login.php?action=lostpassword\">Forgot password<\/a>\n\t                                                        <\/div>\n                        <\/div>\n                    <\/div>\n                <\/fieldset>\n            <\/form>\n        <\/div>\n    <\/div>\n\n\n","protected":false},"excerpt":{"rendered":"<p>In the EastCham member network, there are both small and medium-sized enterprises (SMEs) as well as large corporations. On this page, you can search for chamber of commerce members by the first letter of their name or by industry (Finnish TOL2008 classification). Choose your desired initial letter and\/or industry category, and click &#8220;Search.&#8221; The member&#8230;<\/p>\n","protected":false},"author":1,"featured_media":0,"parent":80220,"menu_order":0,"comment_status":"closed","ping_status":"closed","template":"","meta":{"_acf_changed":false,"footnotes":""},"tags":[],"class_list":["post-95564","page","type-page","status-publish","hentry"],"acf":[],"yoast_head":"<!-- This site is optimized with the Yoast SEO plugin v27.5 - https:\/\/yoast.com\/product\/yoast-seo-wordpress\/ -->\n<title>Our members - EastCham Finland ry<\/title>\n<meta name=\"description\" content=\"EastChamin j\u00e4senverkostossa on niin pk-yrityksi\u00e4 kuin suuria konserneja.\" \/>\n<meta name=\"robots\" content=\"index, follow, max-snippet:-1, max-image-preview:large, max-video-preview:-1\" \/>\n<link rel=\"canonical\" href=\"https:\/\/www.eastcham.fi\/en\/membership\/jasenemme\/\" \/>\n<meta property=\"og:locale\" content=\"en_US\" \/>\n<meta property=\"og:type\" content=\"article\" \/>\n<meta property=\"og:title\" content=\"Our members - EastCham Finland ry\" \/>\n<meta property=\"og:description\" content=\"EastChamin j\u00e4senverkostossa on niin pk-yrityksi\u00e4 kuin suuria konserneja.\" \/>\n<meta property=\"og:url\" content=\"https:\/\/www.eastcham.fi\/en\/membership\/jasenemme\/\" \/>\n<meta property=\"og:site_name\" content=\"EastCham Finland ry\" \/>\n<meta property=\"article:publisher\" content=\"https:\/\/fi-fi.facebook.com\/svkkfrcc\/\" \/>\n<meta property=\"article:modified_time\" content=\"2025-10-06T11:40:29+00:00\" \/>\n<meta name=\"twitter:card\" content=\"summary_large_image\" \/>\n<meta name=\"twitter:site\" content=\"@SVKK_FRCC\" \/>\n<meta name=\"twitter:label1\" content=\"Est. reading time\" \/>\n\t<meta name=\"twitter:data1\" content=\"1 minute\" \/>\n<script type=\"application\/ld+json\" class=\"yoast-schema-graph\">{\"@context\":\"https:\\\/\\\/schema.org\",\"@graph\":[{\"@type\":\"WebPage\",\"@id\":\"https:\\\/\\\/www.eastcham.fi\\\/en\\\/membership\\\/jasenemme\\\/\",\"url\":\"https:\\\/\\\/www.eastcham.fi\\\/en\\\/membership\\\/jasenemme\\\/\",\"name\":\"Our members - EastCham Finland ry\",\"isPartOf\":{\"@id\":\"https:\\\/\\\/www.eastcham.fi\\\/#website\"},\"datePublished\":\"2017-01-18T10:06:37+00:00\",\"dateModified\":\"2025-10-06T11:40:29+00:00\",\"description\":\"EastChamin j\u00e4senverkostossa on niin pk-yrityksi\u00e4 kuin suuria konserneja.\",\"breadcrumb\":{\"@id\":\"https:\\\/\\\/www.eastcham.fi\\\/en\\\/membership\\\/jasenemme\\\/#breadcrumb\"},\"inLanguage\":\"en-US\",\"potentialAction\":[{\"@type\":\"ReadAction\",\"target\":[\"https:\\\/\\\/www.eastcham.fi\\\/en\\\/membership\\\/jasenemme\\\/\"]}]},{\"@type\":\"BreadcrumbList\",\"@id\":\"https:\\\/\\\/www.eastcham.fi\\\/en\\\/membership\\\/jasenemme\\\/#breadcrumb\",\"itemListElement\":[{\"@type\":\"ListItem\",\"position\":1,\"name\":\"Home\",\"item\":\"https:\\\/\\\/www.eastcham.fi\\\/en\\\/\"},{\"@type\":\"ListItem\",\"position\":2,\"name\":\"Membership\",\"item\":\"https:\\\/\\\/www.eastcham.fi\\\/en\\\/membership\\\/\"},{\"@type\":\"ListItem\",\"position\":3,\"name\":\"Our members\"}]},{\"@type\":\"WebSite\",\"@id\":\"https:\\\/\\\/www.eastcham.fi\\\/#website\",\"url\":\"https:\\\/\\\/www.eastcham.fi\\\/\",\"name\":\"EastCham Finland ry\",\"description\":\"EastCham Finland on kansainv\u00e4linen kauppakamari, joka osana Team Finland -verkostoa auttaa suomalaisia yrityksi\u00e4 kansainv\u00e4listym\u00e4\u00e4n. Seuraamme talouden kehityst\u00e4, neuvomme pakotteista ja tuemme suomalaisten yritysten liiketoimintaa Ukrainan, Keski-Aasian ja Etel\u00e4-Kaukasian markkinoilla. Valmistaudumme yhdess\u00e4 yritysten kanssa Ukrainan j\u00e4lleenrakentamiseen.\",\"potentialAction\":[{\"@type\":\"SearchAction\",\"target\":{\"@type\":\"EntryPoint\",\"urlTemplate\":\"https:\\\/\\\/www.eastcham.fi\\\/?s={search_term_string}\"},\"query-input\":{\"@type\":\"PropertyValueSpecification\",\"valueRequired\":true,\"valueName\":\"search_term_string\"}}],\"inLanguage\":\"en-US\"}]}<\/script>\n<!-- \/ Yoast SEO plugin. -->","yoast_head_json":{"title":"Our members - EastCham Finland ry","description":"EastChamin j\u00e4senverkostossa on niin pk-yrityksi\u00e4 kuin suuria konserneja.","robots":{"index":"index","follow":"follow","max-snippet":"max-snippet:-1","max-image-preview":"max-image-preview:large","max-video-preview":"max-video-preview:-1"},"canonical":"https:\/\/www.eastcham.fi\/en\/membership\/jasenemme\/","og_locale":"en_US","og_type":"article","og_title":"Our members - EastCham Finland ry","og_description":"EastChamin j\u00e4senverkostossa on niin pk-yrityksi\u00e4 kuin suuria konserneja.","og_url":"https:\/\/www.eastcham.fi\/en\/membership\/jasenemme\/","og_site_name":"EastCham Finland ry","article_publisher":"https:\/\/fi-fi.facebook.com\/svkkfrcc\/","article_modified_time":"2025-10-06T11:40:29+00:00","twitter_card":"summary_large_image","twitter_site":"@SVKK_FRCC","twitter_misc":{"Est. reading time":"1 minute"},"schema":{"@context":"https:\/\/schema.org","@graph":[{"@type":"WebPage","@id":"https:\/\/www.eastcham.fi\/en\/membership\/jasenemme\/","url":"https:\/\/www.eastcham.fi\/en\/membership\/jasenemme\/","name":"Our members - EastCham Finland ry","isPartOf":{"@id":"https:\/\/www.eastcham.fi\/#website"},"datePublished":"2017-01-18T10:06:37+00:00","dateModified":"2025-10-06T11:40:29+00:00","description":"EastChamin j\u00e4senverkostossa on niin pk-yrityksi\u00e4 kuin suuria konserneja.","breadcrumb":{"@id":"https:\/\/www.eastcham.fi\/en\/membership\/jasenemme\/#breadcrumb"},"inLanguage":"en-US","potentialAction":[{"@type":"ReadAction","target":["https:\/\/www.eastcham.fi\/en\/membership\/jasenemme\/"]}]},{"@type":"BreadcrumbList","@id":"https:\/\/www.eastcham.fi\/en\/membership\/jasenemme\/#breadcrumb","itemListElement":[{"@type":"ListItem","position":1,"name":"Home","item":"https:\/\/www.eastcham.fi\/en\/"},{"@type":"ListItem","position":2,"name":"Membership","item":"https:\/\/www.eastcham.fi\/en\/membership\/"},{"@type":"ListItem","position":3,"name":"Our members"}]},{"@type":"WebSite","@id":"https:\/\/www.eastcham.fi\/#website","url":"https:\/\/www.eastcham.fi\/","name":"EastCham Finland ry","description":"EastCham Finland on kansainv\u00e4linen kauppakamari, joka osana Team Finland -verkostoa auttaa suomalaisia yrityksi\u00e4 kansainv\u00e4listym\u00e4\u00e4n. Seuraamme talouden kehityst\u00e4, neuvomme pakotteista ja tuemme suomalaisten yritysten liiketoimintaa Ukrainan, Keski-Aasian ja Etel\u00e4-Kaukasian markkinoilla. Valmistaudumme yhdess\u00e4 yritysten kanssa Ukrainan j\u00e4lleenrakentamiseen.","potentialAction":[{"@type":"SearchAction","target":{"@type":"EntryPoint","urlTemplate":"https:\/\/www.eastcham.fi\/?s={search_term_string}"},"query-input":{"@type":"PropertyValueSpecification","valueRequired":true,"valueName":"search_term_string"}}],"inLanguage":"en-US"}]}},"_links":{"self":[{"href":"https:\/\/www.eastcham.fi\/en\/wp-json\/wp\/v2\/pages\/95564","targetHints":{"allow":["GET"]}}],"collection":[{"href":"https:\/\/www.eastcham.fi\/en\/wp-json\/wp\/v2\/pages"}],"about":[{"href":"https:\/\/www.eastcham.fi\/en\/wp-json\/wp\/v2\/types\/page"}],"author":[{"embeddable":true,"href":"https:\/\/www.eastcham.fi\/en\/wp-json\/wp\/v2\/users\/1"}],"replies":[{"embeddable":true,"href":"https:\/\/www.eastcham.fi\/en\/wp-json\/wp\/v2\/comments?post=95564"}],"version-history":[{"count":5,"href":"https:\/\/www.eastcham.fi\/en\/wp-json\/wp\/v2\/pages\/95564\/revisions"}],"predecessor-version":[{"id":110797,"href":"https:\/\/www.eastcham.fi\/en\/wp-json\/wp\/v2\/pages\/95564\/revisions\/110797"}],"up":[{"embeddable":true,"href":"https:\/\/www.eastcham.fi\/en\/wp-json\/wp\/v2\/pages\/80220"}],"wp:attachment":[{"href":"https:\/\/www.eastcham.fi\/en\/wp-json\/wp\/v2\/media?parent=95564"}],"wp:term":[{"taxonomy":"post_tag","embeddable":true,"href":"https:\/\/www.eastcham.fi\/en\/wp-json\/wp\/v2\/tags?post=95564"}],"curies":[{"name":"wp","href":"https:\/\/api.w.org\/{rel}","templated":true}]}}